{"id":8140,"date":"2026-03-17T20:05:34","date_gmt":"2026-03-17T20:05:34","guid":{"rendered":"https:\/\/epacenter.org\/?page_id=8140"},"modified":"2026-04-29T00:11:11","modified_gmt":"2026-04-29T00:11:11","slug":"sunset-concerts-espanol","status":"publish","type":"page","link":"https:\/\/epacenter.org\/es\/sunset-concerts-espanol\/","title":{"rendered":"Sunset Concerts (Espanol)"},"content":{"rendered":"\r\n\t\t<div  class=\"block-05c77f70-65d1-42f3-8329-6392eea4e9e6 areoi-strip areoi-element strip alignfull mt-0 is-style-bg-brand-color-08\">\r\n\t\t\t\r\n\t\t\t\n\r\n\t\t<div  class=\"block-bf9059ca-9357-451a-a121-03ea1d4f5346 areoi-element container is-style-mw-md\">\r\n\t\t\t\r\n\t\t\t\n\r\n\t\t<div  class=\"block-702c13e8-67eb-4465-b9c6-1b4d598ab395 row areoi-element\">\r\n\t\t\t\r\n\r\n\t\t\t\n\r\n\t\t<div  class=\"block-5d2f278d-6366-4da0-a8da-1e0d2ebd6f6b col areoi-element is-style-default\">\r\n\t\t\t\r\n\t\t\t\n\n<div style=\"height:100px\" aria-hidden=\"true\" class=\"wp-block-spacer is-style-spacer-sm\"><\/div>\n\n\n\n<figure class=\"wp-block-image size-full\"><img fetchpriority=\"high\" decoding=\"async\" width=\"797\" height=\"171\" src=\"https:\/\/epacenter.org\/wp-content\/uploads\/Untitled-design.png\" alt=\"\" class=\"wp-image-8105\" srcset=\"https:\/\/epacenter.org\/wp-content\/uploads\/Untitled-design.png 797w, https:\/\/epacenter.org\/wp-content\/uploads\/Untitled-design-300x64.png 300w, https:\/\/epacenter.org\/wp-content\/uploads\/Untitled-design-768x165.png 768w\" sizes=\"(max-width: 797px) 100vw, 797px\" \/><\/figure>\n\n\n\n<h4 class=\"wp-block-heading has-text-align-center has-brand-color-09-color has-text-color\"><strong>DEL 9 DE MAYO AL 25 DE JULIO DE 2026<\/strong><\/h4>\n\n\n\n<p class=\"has-text-align-center has-brand-color-09-color has-text-color\">\u00a1Nos emociona presentar los Sunset Concerts, una nueva serie de inolvidables actuaciones al aire libre en EPACENTER! Invitamos a todos los amantes de la m\u00fasica en el \u00c1rea de la Bah\u00eda a nuestro anfiteatro para que disfruten de \u00edntimos conciertos con grandes estelares, en un marco de hermosos atardeceres veraniegos. Los asistentes pueden traer mantas para sentarse en el c\u00e9sped, alquilar sillas y adquirir comidas y bebidas.<\/p>\n\n\n\n<h6 class=\"wp-block-heading has-text-align-center has-brand-color-09-color has-text-color\"><strong>Los residentes de East Palo Alto que muestren una prueba de residencia en la entrada pueden adquirir tickets a precios reducidos. \u00a1Vengan con nosotros a inolvidables veladas musicales este verano!<\/strong><\/h6>\n\n\n\n<div style=\"height:0px\" aria-hidden=\"true\" class=\"wp-block-spacer is-style-spacer-sm\"><\/div>\n\n \r\n\t\t\t\r\n\t\t<\/div>\r\n\t\n \r\n\t\t<\/div>\r\n\t\n \r\n\t\t<\/div>\r\n\t\n \r\n\t\t<\/div>\r\n\t\n\n\r\n\t\t<div  class=\"block-1b9e1356-5262-4ff4-a2a9-1ea5bb1d9bfd areoi-strip areoi-element strip alignfull is-style-bg-brand-color-06 mt-0\">\r\n\t\t\t\r\n\t\t\t\n\r\n\t\t<div  class=\"block-a6bf2115-49ad-4280-814e-8c0d6e59cb45 areoi-element container is-style-mw-xl p-2 py-4 p-md-3 py-md-4 p-lg-4 p-xl-5\">\r\n\t\t\t\r\n\t\t\t\n\r\n\t\t<div  class=\"block-2202fb78-be63-41fa-a0f9-0e796d0016b1 row areoi-element\">\r\n\t\t\t\r\n\r\n\t\t\t\n\r\n\t\t<div  class=\"block-4da5bbfc-8490-44e3-b14c-94db6cdee540 col areoi-element col-12 col-sm-6\">\r\n\t\t\t\r\n\t\t\t\n\n<figure class=\"wp-block-image size-full\"><img decoding=\"async\" width=\"800\" height=\"525\" src=\"https:\/\/epacenter.org\/wp-content\/uploads\/Pete-Escovedo_1532_Photo-Credit_David-Allen.jpg\" alt=\"\" class=\"wp-image-8065\" srcset=\"https:\/\/epacenter.org\/wp-content\/uploads\/Pete-Escovedo_1532_Photo-Credit_David-Allen.jpg 800w, https:\/\/epacenter.org\/wp-content\/uploads\/Pete-Escovedo_1532_Photo-Credit_David-Allen-300x197.jpg 300w, https:\/\/epacenter.org\/wp-content\/uploads\/Pete-Escovedo_1532_Photo-Credit_David-Allen-768x504.jpg 768w\" sizes=\"(max-width: 800px) 100vw, 800px\" \/><figcaption class=\"wp-element-caption\"><em>Foto: David Allen<\/em><\/figcaption><\/figure>\n\n \r\n\t\t\t\r\n\t\t<\/div>\r\n\t\n\n\r\n\t\t<div  class=\"block-3ef1db43-d420-4a2c-9b53-27cbfc469646 col areoi-element col-12 col-sm-6\">\r\n\t\t\t\r\n\t\t\t\n\n<h3 class=\"wp-block-heading is-style-section-head has-brand-color-09-color has-text-color\">PETE ESCOVEDO<\/h3>\n\n\n\n<h5 class=\"wp-block-heading has-brand-color-09-color has-text-color\"><strong>S\u00e1bado 9 de mayo a las 5:00 PM<\/strong><\/h5>\n\n\n\n<p class=\"has-brand-color-09-color has-text-color\">Nuestra serie<em> Summer Concerts<\/em> arranca con Pete Escovedo, legendario percusionista de latin jazz y ganador de un Latin Grammy honor\u00edfico por su carrera de m\u00e1s de 50 a\u00f1os fusionando la m\u00fasica latina, el jazz, el funk y la salsa. Escovedo nos trae su ritmo, potentes timbales y percusi\u00f3n afrocubana en una celebraci\u00f3n de m\u00fasica, cultura, familia y legado.<\/p>\n\n\n\n<p><strong>Entrada general $75 | VIP $125<\/strong><br><strong><em>Entradas a $25 para residentes de East Palo Alto (con identificaci\u00f3n al entrar)<\/em><\/strong><\/p>\n\n\n\n<div class=\"wp-block-buttons is-layout-flex wp-block-buttons-is-layout-flex\">\n<div class=\"wp-block-button\"><a class=\"wp-block-button__link has-brand-color-09-color has-brand-color-08-background-color has-text-color has-background wp-element-button\" href=\"https:\/\/www.eventbrite.com\/e\/pete-escovedo-live-epacenter-sunset-concerts-tickets-1984239298155\" target=\"_blank\" rel=\"noreferrer noopener\"><strong>COMPRAR TICKETS<\/strong><\/a><\/div>\n<\/div>\n\n \r\n\t\t\t\r\n\t\t<\/div>\r\n\t\n \r\n\t\t<\/div>\r\n\t\n \r\n\t\t<\/div>\r\n\t\n \r\n\t\t<\/div>\r\n\t\n\n\r\n\t\t<div  class=\"block-16ca9cb9-fcdd-4ba3-b5be-9b76369bc8ec areoi-strip areoi-element strip alignfull is-style-bg-brand-color-02\">\r\n\t\t\t\r\n\t\t\t\n\r\n\t\t<div  class=\"block-ebe2e5f0-e62d-42e5-8f78-edf531853d73 areoi-element container is-style-mw-xl p-2 py-4 p-md-3 py-md-4 p-lg-4 p-xl-5\">\r\n\t\t\t\r\n\t\t\t\n\r\n\t\t<div  class=\"block-755677e3-a2a9-4c23-ae71-075768afcd1a row areoi-element\">\r\n\t\t\t\r\n\r\n\t\t\t\n\r\n\t\t<div  class=\"block-47634686-0f0b-4f68-9346-c24f36ce89ef col areoi-element col-12 col-sm-6\">\r\n\t\t\t\r\n\t\t\t\n\n<figure class=\"wp-block-image size-full\"><img decoding=\"async\" width=\"800\" height=\"525\" src=\"https:\/\/epacenter.org\/wp-content\/uploads\/Sheila_edited.png\" alt=\"\" class=\"wp-image-8099\" srcset=\"https:\/\/epacenter.org\/wp-content\/uploads\/Sheila_edited.png 800w, https:\/\/epacenter.org\/wp-content\/uploads\/Sheila_edited-300x197.png 300w, https:\/\/epacenter.org\/wp-content\/uploads\/Sheila_edited-768x504.png 768w\" sizes=\"(max-width: 800px) 100vw, 800px\" \/><figcaption class=\"wp-element-caption\"><em>Foto: Rony Armas<\/em><\/figcaption><\/figure>\n\n \r\n\t\t\t\r\n\t\t<\/div>\r\n\t\n\n\r\n\t\t<div  class=\"block-197d1112-2d40-4e0c-ac67-ab0e7445987e col areoi-element col-12 col-sm-6\">\r\n\t\t\t\r\n\t\t\t\n\n<h2 class=\"wp-block-heading is-style-section-head has-brand-color-09-color has-text-color\">SHEILA E.<\/h2>\n\n\n\n<h5 class=\"wp-block-heading has-brand-color-09-color has-text-color\"><strong>S\u00e1bado 30 de mayo a las 7:30 PM<\/strong><\/h5>\n\n\n\n<p class=\"has-brand-color-09-color has-text-color\">\u00a1La \u201creina de la percusi\u00f3n\u201d <strong>Sheila E. <\/strong>estar\u00e1 en el after party luego del evento anual de recaudaci\u00f3n de fondos de EPACENTER, para un electrizante concierto vespertino abierto al p\u00fablico llamado <em>EPACENTER Illuminated: The After Glow!<\/em> Los amantes de la m\u00fasica tendr\u00e1n la oportunidad de apoyar la misi\u00f3n de EPACENTER en este exclusivo evento a trav\u00e9s de tickets Premium a diferentes precios, que incluyen comodidades como asientos reservados y refrigerios. Originaria de Oakland, Sheila E. ha colaborado con leyendas como Beyonc\u00e9, Prince y Stevie Wonder, y es una de las pocas artistas del \u00c1rea de la Bah\u00eda con una estrella en el Paseo de la Fama de Hollywood.<\/p>\n\n\n\n<p><strong> General $150 |Asiento preferencial $250 | VIP $500<br><em>\u00a1Los residentes de East Palo Alto pueden ganar entradas! Participen en el sorteo <a href=\"https:\/\/givebutter.com\/epacenter-illuminated-2026-copy-9vvlrt\" target=\"_blank\" rel=\"noreferrer noopener\">aqu\u00ed<\/a>.<\/em><\/strong><\/p>\n\n\n\n<div class=\"wp-block-buttons is-layout-flex wp-block-buttons-is-layout-flex\">\n<div class=\"wp-block-button\"><a class=\"wp-block-button__link has-brand-color-09-color has-brand-color-08-background-color has-text-color has-background wp-element-button\" href=\"https:\/\/givebutter.com\/epacenter-illuminated-2026-copy-9vvlrt\" target=\"_blank\" rel=\"noreferrer noopener\"><strong>COMPRAR TICKETS<\/strong><\/a><\/div>\n<\/div>\n\n \r\n\t\t\t\r\n\t\t<\/div>\r\n\t\n \r\n\t\t<\/div>\r\n\t\n \r\n\t\t<\/div>\r\n\t\n \r\n\t\t<\/div>\r\n\t\n\n\r\n\t\t<div  class=\"block-c8443572-777c-43ef-9323-7994c10a3372 areoi-strip areoi-element strip alignfull is-style-bg-brand-color-04 mb-0\">\r\n\t\t\t\r\n\t\t\t\n\r\n\t\t<div  class=\"block-8da16ebe-fcef-4a7c-ba8c-b5da358de4f8 areoi-element container is-style-mw-xl p-2 py-4 p-md-3 py-md-4 p-lg-4 p-xl-5\">\r\n\t\t\t\r\n\t\t\t\n\r\n\t\t<div  class=\"block-1a4c6eb1-896c-4fc9-8077-128bc9ab3d96 row areoi-element\">\r\n\t\t\t\r\n\r\n\t\t\t\n\r\n\t\t<div  class=\"block-753942ef-2cc5-4843-83f5-8135cc069684 col areoi-element col-12 col-sm-6\">\r\n\t\t\t\r\n\t\t\t\n\n<figure class=\"wp-block-image size-full\"><img loading=\"lazy\" decoding=\"async\" width=\"800\" height=\"525\" src=\"https:\/\/epacenter.org\/wp-content\/uploads\/IMG_5902.jpg\" alt=\"\" class=\"wp-image-8102\" srcset=\"https:\/\/epacenter.org\/wp-content\/uploads\/IMG_5902.jpg 800w, https:\/\/epacenter.org\/wp-content\/uploads\/IMG_5902-300x197.jpg 300w, https:\/\/epacenter.org\/wp-content\/uploads\/IMG_5902-768x504.jpg 768w\" sizes=\"(max-width: 800px) 100vw, 800px\" \/><figcaption class=\"wp-element-caption\"><em>Foto cortes\u00eda de Tony Lindsay<\/em><\/figcaption><\/figure>\n\n \r\n\t\t\t\r\n\t\t<\/div>\r\n\t\n\n\r\n\t\t<div  class=\"block-fdaf942b-ee1b-43de-b65f-b470892c0ae7 col areoi-element col-12 col-sm-6\">\r\n\t\t\t\r\n\t\t\t\n\n<h2 class=\"wp-block-heading is-style-section-head has-brand-color-09-color has-text-color\">TONY LINDSAY &amp; FRIENDS<\/h2>\n\n\n\n<h5 class=\"wp-block-heading has-brand-color-09-color has-text-color\"><strong>S\u00e1bado 6 de junio a las 6:00 PM<\/strong><\/h5>\n\n\n\n<p class=\"has-brand-color-09-color has-text-color\">Cantante solista y vocalista principal durante mucho tiempo de Santana \u2013banda galardonada con el Grammy\u2013 Tony Lindsay trae al anfiteatro de EPACENTER un intenso set de soul, R&amp;B y cl\u00e1sicos eternos. Su aterciopelada voz e imponente presencia en el escenario prometen un inolvidable atardecer musical.<\/p>\n\n\n\n<p><strong>Entrada general $75 | VIP $125<\/strong><br><strong><em>Entradas a $25 para residentes de East Palo Alto (con identificaci\u00f3n al entrar)<\/em><\/strong><\/p>\n\n\n\n<div class=\"wp-block-buttons is-layout-flex wp-block-buttons-is-layout-flex\">\n<div class=\"wp-block-button\"><a class=\"wp-block-button__link has-brand-color-09-color has-brand-color-08-background-color has-text-color has-background wp-element-button\" href=\"https:\/\/www.eventbrite.com\/e\/tony-lindsay-epacenter-sunset-concerts-tickets-1985176827330\" target=\"_blank\" rel=\"noreferrer noopener\"><strong><strong>COMPRAR<\/strong> TICKETS<\/strong><\/a><\/div>\n<\/div>\n\n \r\n\t\t\t\r\n\t\t<\/div>\r\n\t\n \r\n\t\t<\/div>\r\n\t\n \r\n\t\t<\/div>\r\n\t\n \r\n\t\t<\/div>\r\n\t\n\n\r\n\t\t<div  class=\"block-faf15d03-5a97-4c01-a125-92feb66442d8 areoi-strip areoi-element strip alignfull mb-0 is-style-bg-brand-color-03\">\r\n\t\t\t\r\n\t\t\t\n\r\n\t\t<div  class=\"block-86bfb284-760d-44d9-83a9-ed69f158a41f areoi-element container is-style-mw-xl p-2 py-4 p-md-3 py-md-4 p-lg-4 p-xl-5\">\r\n\t\t\t\r\n\t\t\t\n\r\n\t\t<div  class=\"block-1a4c6eb1-896c-4fc9-8077-128bc9ab3d96 row areoi-element\">\r\n\t\t\t\r\n\r\n\t\t\t\n\r\n\t\t<div  class=\"block-753942ef-2cc5-4843-83f5-8135cc069684 col areoi-element col-12 col-sm-6\">\r\n\t\t\t\r\n\t\t\t\n\n<figure class=\"wp-block-image size-full\"><img loading=\"lazy\" decoding=\"async\" width=\"800\" height=\"525\" src=\"https:\/\/epacenter.org\/wp-content\/uploads\/6-ConFunkShun-Group-crop.png\" alt=\"\" class=\"wp-image-8063\" srcset=\"https:\/\/epacenter.org\/wp-content\/uploads\/6-ConFunkShun-Group-crop.png 800w, https:\/\/epacenter.org\/wp-content\/uploads\/6-ConFunkShun-Group-crop-300x197.png 300w, https:\/\/epacenter.org\/wp-content\/uploads\/6-ConFunkShun-Group-crop-768x504.png 768w\" sizes=\"(max-width: 800px) 100vw, 800px\" \/><figcaption class=\"wp-element-caption\"><em>Foto cortes\u00eda de Con Funk Shun<\/em><\/figcaption><\/figure>\n\n \r\n\t\t\t\r\n\t\t<\/div>\r\n\t\n\n\r\n\t\t<div  class=\"block-fdaf942b-ee1b-43de-b65f-b470892c0ae7 col areoi-element col-12 col-sm-6\">\r\n\t\t\t\r\n\t\t\t\n\n<h2 class=\"wp-block-heading is-style-section-head has-brand-color-09-color has-text-color\">CON FUNK SHUN<\/h2>\n\n\n\n<h5 class=\"wp-block-heading has-brand-color-09-color has-text-color\"><strong>S\u00e1bado 25 de julio a las 5:00 PM<\/strong><\/h5>\n\n\n\n<p class=\"has-brand-color-09-color has-text-color\">\u00a1EPACENTER se complace en presentar a Con Funk Shun, legendario conjunto de funk de Vallejo, como parte de su electrizante gira nacional <em>Smooth Jukebox<\/em>! Conocida por cl\u00e1sicos como \u201cLove\u2019s Train\u201d y \u201cFfun\u201d, esta banda concluye nuestra serie Sunset Concerts con una velada de irresistibles ritmos, baladas y \u00e9xitos bailables.<\/p>\n\n\n\n<p><strong>Entrada general $75 | VIP $125<\/strong><br><strong><em>Entradas a $25 para residentes de East Palo Alto (con identificaci\u00f3n al entrar)<\/em><\/strong><\/p>\n\n\n\n<div class=\"wp-block-buttons is-layout-flex wp-block-buttons-is-layout-flex\">\n<div class=\"wp-block-button\"><a class=\"wp-block-button__link has-brand-color-09-color has-brand-color-08-background-color has-text-color has-background wp-element-button\" href=\"https:\/\/www.eventbrite.com\/e\/con-funk-shun-live-epacenter-sunset-concerts-tickets-1985177877471\" target=\"_blank\" rel=\"noreferrer noopener\"><strong><strong>COMPRAR<\/strong> TICKETS<\/strong><\/a><\/div>\n<\/div>\n\n \r\n\t\t\t\r\n\t\t<\/div>\r\n\t\n \r\n\t\t<\/div>\r\n\t\n \r\n\t\t<\/div>\r\n\t\n \r\n\t\t<\/div>\r\n\t\n\n\n<p><\/p>\n","protected":false},"excerpt":{"rendered":"","protected":false},"author":8,"featured_media":0,"parent":0,"menu_order":0,"comment_status":"closed","ping_status":"closed","template":"no-gap","meta":{"_acf_changed":false,"inline_featured_image":false,"_EventAllDay":false,"_EventTimezone":"","_EventStartDate":"","_EventEndDate":"","_EventStartDateUTC":"","_EventEndDateUTC":"","_EventShowMap":false,"_EventShowMapLink":false,"_EventURL":"","_EventCost":"","_EventCostDescription":"","_EventCurrencySymbol":"","_EventCurrencyCode":"","_EventCurrencyPosition":"","_EventDateTimeSeparator":"","_EventTimeRangeSeparator":"","_EventOrganizerID":[],"_EventVenueID":[],"_OrganizerEmail":"","_OrganizerPhone":"","_OrganizerWebsite":"","_VenueAddress":"","_VenueCity":"","_VenueCountry":"","_VenueProvince":"","_VenueState":"","_VenueZip":"","_VenuePhone":"","_VenueURL":"","_VenueStateProvince":"","_VenueLat":"","_VenueLng":"","_VenueShowMap":false,"_VenueShowMapLink":false,"footnotes":""},"class_list":["post-8140","page","type-page","status-publish","hentry"],"acf":[],"yoast_head":"<!-- This site is optimized with the Yoast SEO plugin v27.5 - https:\/\/yoast.com\/product\/yoast-seo-wordpress\/ -->\n<title>EPACENTER<\/title>\n<meta name=\"robots\" content=\"index, follow, max-snippet:-1, max-image-preview:large, max-video-preview:-1\" \/>\n<link rel=\"canonical\" href=\"https:\/\/epacenter.org\/es\/sunset-concerts-espanol\/\" \/>\n<meta property=\"og:locale\" content=\"es_ES\" \/>\n<meta property=\"og:type\" content=\"article\" \/>\n<meta property=\"og:title\" content=\"EPACENTER\" \/>\n<meta property=\"og:url\" content=\"https:\/\/epacenter.org\/es\/sunset-concerts-espanol\/\" \/>\n<meta property=\"og:site_name\" content=\"EPACENTER\" \/>\n<meta property=\"article:modified_time\" content=\"2026-04-29T00:11:11+00:00\" \/>\n<meta property=\"og:image\" content=\"https:\/\/epacenter.org\/wp-content\/uploads\/Untitled-design.png\" \/>\n\t<meta property=\"og:image:width\" content=\"797\" \/>\n\t<meta property=\"og:image:height\" content=\"171\" \/>\n\t<meta property=\"og:image:type\" content=\"image\/png\" \/>\n<meta name=\"twitter:card\" content=\"summary_large_image\" \/>\n<meta name=\"twitter:label1\" content=\"Est. reading time\" \/>\n\t<meta name=\"twitter:data1\" content=\"4 minutes\" \/>\n<script type=\"application\/ld+json\" class=\"yoast-schema-graph\">{\"@context\":\"https:\\\/\\\/schema.org\",\"@graph\":[{\"@type\":\"WebPage\",\"@id\":\"https:\\\/\\\/epacenter.org\\\/es\\\/sunset-concerts-espanol\\\/\",\"url\":\"https:\\\/\\\/epacenter.org\\\/es\\\/sunset-concerts-espanol\\\/\",\"name\":\"EPACENTER\",\"isPartOf\":{\"@id\":\"https:\\\/\\\/epacenter.org\\\/es\\\/#website\"},\"primaryImageOfPage\":{\"@id\":\"https:\\\/\\\/epacenter.org\\\/es\\\/sunset-concerts-espanol\\\/#primaryimage\"},\"image\":{\"@id\":\"https:\\\/\\\/epacenter.org\\\/es\\\/sunset-concerts-espanol\\\/#primaryimage\"},\"thumbnailUrl\":\"https:\\\/\\\/epacenter.org\\\/wp-content\\\/uploads\\\/Untitled-design.png\",\"datePublished\":\"2026-03-17T20:05:34+00:00\",\"dateModified\":\"2026-04-29T00:11:11+00:00\",\"breadcrumb\":{\"@id\":\"https:\\\/\\\/epacenter.org\\\/es\\\/sunset-concerts-espanol\\\/#breadcrumb\"},\"inLanguage\":\"es-ES\",\"potentialAction\":[{\"@type\":\"ReadAction\",\"target\":[\"https:\\\/\\\/epacenter.org\\\/es\\\/sunset-concerts-espanol\\\/\"]}]},{\"@type\":\"ImageObject\",\"inLanguage\":\"es-ES\",\"@id\":\"https:\\\/\\\/epacenter.org\\\/es\\\/sunset-concerts-espanol\\\/#primaryimage\",\"url\":\"https:\\\/\\\/epacenter.org\\\/wp-content\\\/uploads\\\/Untitled-design.png\",\"contentUrl\":\"https:\\\/\\\/epacenter.org\\\/wp-content\\\/uploads\\\/Untitled-design.png\"},{\"@type\":\"BreadcrumbList\",\"@id\":\"https:\\\/\\\/epacenter.org\\\/es\\\/sunset-concerts-espanol\\\/#breadcrumb\",\"itemListElement\":[{\"@type\":\"ListItem\",\"position\":1,\"name\":\"Home\",\"item\":\"https:\\\/\\\/epacenter.org\\\/es\\\/\"},{\"@type\":\"ListItem\",\"position\":2,\"name\":\"Sunset Concerts (Espanol)\"}]},{\"@type\":\"WebSite\",\"@id\":\"https:\\\/\\\/epacenter.org\\\/es\\\/#website\",\"url\":\"https:\\\/\\\/epacenter.org\\\/es\\\/\",\"name\":\"EPACENTER\",\"description\":\"Amplifying the Creative Potential in Everyone\",\"potentialAction\":[{\"@type\":\"SearchAction\",\"target\":{\"@type\":\"EntryPoint\",\"urlTemplate\":\"https:\\\/\\\/epacenter.org\\\/es\\\/?s={search_term_string}\"},\"query-input\":{\"@type\":\"PropertyValueSpecification\",\"valueRequired\":true,\"valueName\":\"search_term_string\"}}],\"inLanguage\":\"es-ES\"}]}<\/script>\n<!-- \/ Yoast SEO plugin. -->","yoast_head_json":{"title":"EPACENTER","robots":{"index":"index","follow":"follow","max-snippet":"max-snippet:-1","max-image-preview":"max-image-preview:large","max-video-preview":"max-video-preview:-1"},"canonical":"https:\/\/epacenter.org\/es\/sunset-concerts-espanol\/","og_locale":"es_ES","og_type":"article","og_title":"EPACENTER","og_url":"https:\/\/epacenter.org\/es\/sunset-concerts-espanol\/","og_site_name":"EPACENTER","article_modified_time":"2026-04-29T00:11:11+00:00","og_image":[{"width":797,"height":171,"url":"https:\/\/epacenter.org\/wp-content\/uploads\/Untitled-design.png","type":"image\/png"}],"twitter_card":"summary_large_image","twitter_misc":{"Est. reading time":"4 minutes"},"schema":{"@context":"https:\/\/schema.org","@graph":[{"@type":"WebPage","@id":"https:\/\/epacenter.org\/es\/sunset-concerts-espanol\/","url":"https:\/\/epacenter.org\/es\/sunset-concerts-espanol\/","name":"EPACENTER","isPartOf":{"@id":"https:\/\/epacenter.org\/es\/#website"},"primaryImageOfPage":{"@id":"https:\/\/epacenter.org\/es\/sunset-concerts-espanol\/#primaryimage"},"image":{"@id":"https:\/\/epacenter.org\/es\/sunset-concerts-espanol\/#primaryimage"},"thumbnailUrl":"https:\/\/epacenter.org\/wp-content\/uploads\/Untitled-design.png","datePublished":"2026-03-17T20:05:34+00:00","dateModified":"2026-04-29T00:11:11+00:00","breadcrumb":{"@id":"https:\/\/epacenter.org\/es\/sunset-concerts-espanol\/#breadcrumb"},"inLanguage":"es-ES","potentialAction":[{"@type":"ReadAction","target":["https:\/\/epacenter.org\/es\/sunset-concerts-espanol\/"]}]},{"@type":"ImageObject","inLanguage":"es-ES","@id":"https:\/\/epacenter.org\/es\/sunset-concerts-espanol\/#primaryimage","url":"https:\/\/epacenter.org\/wp-content\/uploads\/Untitled-design.png","contentUrl":"https:\/\/epacenter.org\/wp-content\/uploads\/Untitled-design.png"},{"@type":"BreadcrumbList","@id":"https:\/\/epacenter.org\/es\/sunset-concerts-espanol\/#breadcrumb","itemListElement":[{"@type":"ListItem","position":1,"name":"Home","item":"https:\/\/epacenter.org\/es\/"},{"@type":"ListItem","position":2,"name":"Sunset Concerts (Espanol)"}]},{"@type":"WebSite","@id":"https:\/\/epacenter.org\/es\/#website","url":"https:\/\/epacenter.org\/es\/","name":"EPACENTER","description":"Amplifying the Creative Potential in Everyone","potentialAction":[{"@type":"SearchAction","target":{"@type":"EntryPoint","urlTemplate":"https:\/\/epacenter.org\/es\/?s={search_term_string}"},"query-input":{"@type":"PropertyValueSpecification","valueRequired":true,"valueName":"search_term_string"}}],"inLanguage":"es-ES"}]}},"_links":{"self":[{"href":"https:\/\/epacenter.org\/es\/wp-json\/wp\/v2\/pages\/8140","targetHints":{"allow":["GET"]}}],"collection":[{"href":"https:\/\/epacenter.org\/es\/wp-json\/wp\/v2\/pages"}],"about":[{"href":"https:\/\/epacenter.org\/es\/wp-json\/wp\/v2\/types\/page"}],"author":[{"embeddable":true,"href":"https:\/\/epacenter.org\/es\/wp-json\/wp\/v2\/users\/8"}],"replies":[{"embeddable":true,"href":"https:\/\/epacenter.org\/es\/wp-json\/wp\/v2\/comments?post=8140"}],"version-history":[{"count":5,"href":"https:\/\/epacenter.org\/es\/wp-json\/wp\/v2\/pages\/8140\/revisions"}],"predecessor-version":[{"id":8493,"href":"https:\/\/epacenter.org\/es\/wp-json\/wp\/v2\/pages\/8140\/revisions\/8493"}],"wp:attachment":[{"href":"https:\/\/epacenter.org\/es\/wp-json\/wp\/v2\/media?parent=8140"}],"curies":[{"name":"wp","href":"https:\/\/api.w.org\/{rel}","templated":true}]}}