{"id":6833,"date":"2025-01-30T01:00:19","date_gmt":"2025-01-30T01:00:19","guid":{"rendered":"https:\/\/epacenter.org\/?page_id=6833"},"modified":"2025-01-30T01:00:20","modified_gmt":"2025-01-30T01:00:20","slug":"apoye-nuestro-trabajo-2","status":"publish","type":"page","link":"https:\/\/epacenter.org\/es\/apoye-nuestro-trabajo-2\/","title":{"rendered":"Apoye nuestro trabajo"},"content":{"rendered":"\n<div class=\"wp-block-cover alignfull is-light align-items-end\"><span aria-hidden=\"true\" class=\"wp-block-cover__background has-background-dim-10 has-background-dim\"><\/span><img fetchpriority=\"high\" decoding=\"async\" width=\"1920\" height=\"1080\" class=\"wp-block-cover__image-background wp-image-4458\" alt=\"\" src=\"https:\/\/epacenter.org\/wp-content\/uploads\/Support-Us-3.png\" style=\"object-position:63% 23%\" data-object-fit=\"cover\" data-object-position=\"63% 23%\" srcset=\"https:\/\/epacenter.org\/wp-content\/uploads\/Support-Us-3.png 1920w, https:\/\/epacenter.org\/wp-content\/uploads\/Support-Us-3-300x169.png 300w, https:\/\/epacenter.org\/wp-content\/uploads\/Support-Us-3-1024x576.png 1024w, https:\/\/epacenter.org\/wp-content\/uploads\/Support-Us-3-768x432.png 768w, https:\/\/epacenter.org\/wp-content\/uploads\/Support-Us-3-1536x864.png 1536w\" sizes=\"(max-width: 1920px) 100vw, 1920px\" \/><div class=\"wp-block-cover__inner-container is-layout-flow wp-block-cover-is-layout-flow\">\r\n\t\t<div  class=\"block-1e627aa1-20f4-4691-9464-4098903f197f areoi-element container is-style-mw-xl\">\r\n\t\t\t\r\n\t\t\t\n\r\n\t\t<div  class=\"block-604d554f-bc34-4384-a9e0-2d0437932ae2 row areoi-element\">\r\n\t\t\t\r\n\r\n\t\t\t\n\r\n\t\t<div  class=\"block-cba49b97-9b82-4ff5-b566-adede990107a col areoi-element\">\r\n\t\t\t\r\n\t\t\t\n\n<p><\/p>\n\n\n\n<p><\/p>\n\n\n\n<p><\/p>\n\n\n\n<p><\/p>\n\n\n\n<h1 class=\"wp-block-heading alignwide is-style-hero-head has-brand-color-02-color has-text-color\">AP\u00d3YANOS<\/h1>\n\n \r\n\t\t\t\r\n\t\t<\/div>\r\n\t\n \r\n\t\t<\/div>\r\n\t\n \r\n\t\t<\/div>\r\n\t<\/div><\/div>\n\r\n\t\t<div  class=\"block-4a029e41-e1f8-4904-b170-3d8dfac38387 areoi-element container is-style-mw-lg\">\r\n\t\t\t\r\n\t\t\t\n\r\n\t\t<div  class=\"block-6131291e-4604-4929-8007-8408573c6127 row areoi-element\">\r\n\t\t\t\r\n\r\n\t\t\t\n\r\n\t\t<div  class=\"block-ef4bd37d-ff37-4ece-bc61-906aa6ba9576 col areoi-element\">\r\n\t\t\t\r\n\t\t\t\n\n<div style=\"height:71px\" aria-hidden=\"true\" class=\"wp-block-spacer is-style-spacer-brush-green\"><\/div>\n\n \r\n\t\t\t\r\n\t\t<\/div>\r\n\t\n \r\n\t\t<\/div>\r\n\t\n \r\n\t\t<\/div>\r\n\t\r\n\t\t<div  class=\"block-0f4dd311-44b9-4910-b0bd-8f2bf104f035 areoi-element container is-style-mw-md\">\r\n\t\t\t\r\n\t\t\t\n\r\n\t\t<div  class=\"block-9cd1e873-975c-40b3-86c5-b5b4e6357e78 row areoi-element\">\r\n\t\t\t\r\n\r\n\t\t\t\n\r\n\t\t<div  class=\"block-1aa9f5a8-b707-44c6-b5f5-c71e3d8f8f57 col areoi-element\">\r\n\t\t\t\r\n\t\t\t\n\n<h2 class=\"wp-block-heading is-style-section-head has-subhead-font-size\">APOYE NUESTRO TRABAJO<\/h2>\n\n\n\n<figure class=\"wp-block-image size-large\"><img decoding=\"async\" width=\"1024\" height=\"748\" src=\"https:\/\/epacenter.org\/wp-content\/uploads\/DSC_7914-1024x748.jpg\" alt=\"\" class=\"wp-image-4460\" srcset=\"https:\/\/epacenter.org\/wp-content\/uploads\/DSC_7914-1024x748.jpg 1024w, https:\/\/epacenter.org\/wp-content\/uploads\/DSC_7914-300x219.jpg 300w, https:\/\/epacenter.org\/wp-content\/uploads\/DSC_7914-768x561.jpg 768w, https:\/\/epacenter.org\/wp-content\/uploads\/DSC_7914-1536x1122.jpg 1536w, https:\/\/epacenter.org\/wp-content\/uploads\/DSC_7914-2048x1497.jpg 2048w\" sizes=\"(max-width: 1024px) 100vw, 1024px\" \/><\/figure>\n\n\n\n<p>La creatividad es poder. Cuando los j\u00f3venes son capaces de desarrollar su creatividad, desarrollan las habilidades que pueden transformar sus vidas y moldear el mundo de forma positiva.<\/p>\n\n\n\n<p>\u00danase a nosotros para apoyar a los j\u00f3venes en su camino hacia la pr\u00f3xima generaci\u00f3n de innovadores.<\/p>\n\n\n\n<iframe width=\"600\" height=\"926\" src=\"https:\/\/onecau.se\/_6327e1\"><\/iframe>\n\n\n\n<div style=\"height:0px\" aria-hidden=\"true\" class=\"wp-block-spacer is-style-spacer-xs\"><\/div>\n\n\n\n<div style=\"height:0px\" aria-hidden=\"true\" class=\"wp-block-spacer is-style-spacer-xs\"><\/div>\n\n\n\r\n\t\t<div  class=\"block-365cf59f-b296-41ee-9504-86ab8c5ac0f4 row areoi-element\">\r\n\t\t\t\r\n\r\n\t\t\t\n\r\n\t\t<div  class=\"block-92ecb76c-4792-49a2-bb3d-b664581d5e14 col areoi-element\">\r\n\t\t\t\r\n\t\t\t\n\r\n\t\t<div  class=\"block-b599a2ad-c8f5-4247-9162-32ece344b73c row areoi-element\">\r\n\t\t\t\r\n\r\n\t\t\t\n\r\n\t\t<div  class=\"block-9298c202-49a6-4594-aff1-ad6b017dccf8 col areoi-element\">\r\n\t\t\t\r\n\t\t\t\n\n<div style=\"height:100px\" aria-hidden=\"true\" class=\"wp-block-spacer is-style-spacer-xs\"><\/div>\n\n \r\n\t\t\t\r\n\t\t<\/div>\r\n\t\n \r\n\t\t<\/div>\r\n\t\n\n\n<div style=\"height:100px\" aria-hidden=\"true\" class=\"wp-block-spacer is-style-spacer-xs\"><\/div>\n\n\n\n<p>Did You Know? You can double or even triple your gift to EPACENTER! Many organizations match their employees\u2019 charitable contributions \u2014 an easy way to multiply your support of East Palo Alto youth. Some organizations also match retirees\u2019 and spouses\u2019 gifts. Please check with your employer.<\/p>\n\n \r\n\t\t\t\r\n\t\t<\/div>\r\n\t\n \r\n\t\t<\/div>\r\n\t\n \r\n\t\t\t\r\n\t\t<\/div>\r\n\t\n \r\n\t\t<\/div>\r\n\t\n \r\n\t\t<\/div>\r\n\t\n<div style=\"height:100px\" aria-hidden=\"true\" class=\"wp-block-spacer is-style-spacer-brush-blue\"><\/div>\n","protected":false},"excerpt":{"rendered":"","protected":false},"author":12,"featured_media":0,"parent":0,"menu_order":0,"comment_status":"closed","ping_status":"closed","template":"","meta":{"_acf_changed":false,"inline_featured_image":false,"_EventAllDay":false,"_EventTimezone":"","_EventStartDate":"","_EventEndDate":"","_EventStartDateUTC":"","_EventEndDateUTC":"","_EventShowMap":false,"_EventShowMapLink":false,"_EventURL":"","_EventCost":"","_EventCostDescription":"","_EventCurrencySymbol":"","_EventCurrencyCode":"","_EventCurrencyPosition":"","_EventDateTimeSeparator":"","_EventTimeRangeSeparator":"","_EventOrganizerID":[],"_EventVenueID":[],"_OrganizerEmail":"","_OrganizerPhone":"","_OrganizerWebsite":"","_VenueAddress":"","_VenueCity":"","_VenueCountry":"","_VenueProvince":"","_VenueState":"","_VenueZip":"","_VenuePhone":"","_VenueURL":"","_VenueStateProvince":"","_VenueLat":"","_VenueLng":"","_VenueShowMap":false,"_VenueShowMapLink":false,"footnotes":""},"class_list":["post-6833","page","type-page","status-publish","hentry"],"acf":[],"yoast_head":"<!-- This site is optimized with the Yoast SEO plugin v27.3 - https:\/\/yoast.com\/product\/yoast-seo-wordpress\/ -->\n<title>Apoye nuestro trabajo - EPACENTER<\/title>\n<meta name=\"robots\" content=\"index, follow, max-snippet:-1, max-image-preview:large, max-video-preview:-1\" \/>\n<link rel=\"canonical\" href=\"https:\/\/epacenter.org\/es\/apoye-nuestro-trabajo-2\/\" \/>\n<meta property=\"og:locale\" content=\"es_ES\" \/>\n<meta property=\"og:type\" content=\"article\" \/>\n<meta property=\"og:title\" content=\"Apoye nuestro trabajo - EPACENTER\" \/>\n<meta property=\"og:url\" content=\"https:\/\/epacenter.org\/es\/apoye-nuestro-trabajo-2\/\" \/>\n<meta property=\"og:site_name\" content=\"EPACENTER\" \/>\n<meta property=\"article:modified_time\" content=\"2025-01-30T01:00:20+00:00\" \/>\n<meta property=\"og:image\" content=\"https:\/\/epacenter.org\/wp-content\/uploads\/Support-Us-3.png\" \/>\n<meta name=\"twitter:card\" content=\"summary_large_image\" \/>\n<meta name=\"twitter:label1\" content=\"Est. reading time\" \/>\n\t<meta name=\"twitter:data1\" content=\"1 minute\" \/>\n<script type=\"application\/ld+json\" class=\"yoast-schema-graph\">{\"@context\":\"https:\\\/\\\/schema.org\",\"@graph\":[{\"@type\":\"WebPage\",\"@id\":\"https:\\\/\\\/epacenter.org\\\/es\\\/apoye-nuestro-trabajo-2\\\/\",\"url\":\"https:\\\/\\\/epacenter.org\\\/es\\\/apoye-nuestro-trabajo-2\\\/\",\"name\":\"Apoye nuestro trabajo - EPACENTER\",\"isPartOf\":{\"@id\":\"https:\\\/\\\/epacenter.org\\\/es\\\/#website\"},\"primaryImageOfPage\":{\"@id\":\"https:\\\/\\\/epacenter.org\\\/es\\\/apoye-nuestro-trabajo-2\\\/#primaryimage\"},\"image\":{\"@id\":\"https:\\\/\\\/epacenter.org\\\/es\\\/apoye-nuestro-trabajo-2\\\/#primaryimage\"},\"thumbnailUrl\":\"https:\\\/\\\/epacenter.org\\\/wp-content\\\/uploads\\\/Support-Us-3.png\",\"datePublished\":\"2025-01-30T01:00:19+00:00\",\"dateModified\":\"2025-01-30T01:00:20+00:00\",\"breadcrumb\":{\"@id\":\"https:\\\/\\\/epacenter.org\\\/es\\\/apoye-nuestro-trabajo-2\\\/#breadcrumb\"},\"inLanguage\":\"es-ES\",\"potentialAction\":[{\"@type\":\"ReadAction\",\"target\":[\"https:\\\/\\\/epacenter.org\\\/es\\\/apoye-nuestro-trabajo-2\\\/\"]}]},{\"@type\":\"ImageObject\",\"inLanguage\":\"es-ES\",\"@id\":\"https:\\\/\\\/epacenter.org\\\/es\\\/apoye-nuestro-trabajo-2\\\/#primaryimage\",\"url\":\"https:\\\/\\\/epacenter.org\\\/wp-content\\\/uploads\\\/Support-Us-3.png\",\"contentUrl\":\"https:\\\/\\\/epacenter.org\\\/wp-content\\\/uploads\\\/Support-Us-3.png\"},{\"@type\":\"BreadcrumbList\",\"@id\":\"https:\\\/\\\/epacenter.org\\\/es\\\/apoye-nuestro-trabajo-2\\\/#breadcrumb\",\"itemListElement\":[{\"@type\":\"ListItem\",\"position\":1,\"name\":\"Home\",\"item\":\"https:\\\/\\\/epacenter.org\\\/es\\\/\"},{\"@type\":\"ListItem\",\"position\":2,\"name\":\"Apoye nuestro trabajo\"}]},{\"@type\":\"WebSite\",\"@id\":\"https:\\\/\\\/epacenter.org\\\/es\\\/#website\",\"url\":\"https:\\\/\\\/epacenter.org\\\/es\\\/\",\"name\":\"EPACENTER\",\"description\":\"Amplifying the Creative Potential in Everyone\",\"potentialAction\":[{\"@type\":\"SearchAction\",\"target\":{\"@type\":\"EntryPoint\",\"urlTemplate\":\"https:\\\/\\\/epacenter.org\\\/es\\\/?s={search_term_string}\"},\"query-input\":{\"@type\":\"PropertyValueSpecification\",\"valueRequired\":true,\"valueName\":\"search_term_string\"}}],\"inLanguage\":\"es-ES\"}]}<\/script>\n<!-- \/ Yoast SEO plugin. -->","yoast_head_json":{"title":"Apoye nuestro trabajo - EPACENTER","robots":{"index":"index","follow":"follow","max-snippet":"max-snippet:-1","max-image-preview":"max-image-preview:large","max-video-preview":"max-video-preview:-1"},"canonical":"https:\/\/epacenter.org\/es\/apoye-nuestro-trabajo-2\/","og_locale":"es_ES","og_type":"article","og_title":"Apoye nuestro trabajo - EPACENTER","og_url":"https:\/\/epacenter.org\/es\/apoye-nuestro-trabajo-2\/","og_site_name":"EPACENTER","article_modified_time":"2025-01-30T01:00:20+00:00","og_image":[{"url":"https:\/\/epacenter.org\/wp-content\/uploads\/Support-Us-3.png","type":"","width":"","height":""}],"twitter_card":"summary_large_image","twitter_misc":{"Est. reading time":"1 minute"},"schema":{"@context":"https:\/\/schema.org","@graph":[{"@type":"WebPage","@id":"https:\/\/epacenter.org\/es\/apoye-nuestro-trabajo-2\/","url":"https:\/\/epacenter.org\/es\/apoye-nuestro-trabajo-2\/","name":"Apoye nuestro trabajo - EPACENTER","isPartOf":{"@id":"https:\/\/epacenter.org\/es\/#website"},"primaryImageOfPage":{"@id":"https:\/\/epacenter.org\/es\/apoye-nuestro-trabajo-2\/#primaryimage"},"image":{"@id":"https:\/\/epacenter.org\/es\/apoye-nuestro-trabajo-2\/#primaryimage"},"thumbnailUrl":"https:\/\/epacenter.org\/wp-content\/uploads\/Support-Us-3.png","datePublished":"2025-01-30T01:00:19+00:00","dateModified":"2025-01-30T01:00:20+00:00","breadcrumb":{"@id":"https:\/\/epacenter.org\/es\/apoye-nuestro-trabajo-2\/#breadcrumb"},"inLanguage":"es-ES","potentialAction":[{"@type":"ReadAction","target":["https:\/\/epacenter.org\/es\/apoye-nuestro-trabajo-2\/"]}]},{"@type":"ImageObject","inLanguage":"es-ES","@id":"https:\/\/epacenter.org\/es\/apoye-nuestro-trabajo-2\/#primaryimage","url":"https:\/\/epacenter.org\/wp-content\/uploads\/Support-Us-3.png","contentUrl":"https:\/\/epacenter.org\/wp-content\/uploads\/Support-Us-3.png"},{"@type":"BreadcrumbList","@id":"https:\/\/epacenter.org\/es\/apoye-nuestro-trabajo-2\/#breadcrumb","itemListElement":[{"@type":"ListItem","position":1,"name":"Home","item":"https:\/\/epacenter.org\/es\/"},{"@type":"ListItem","position":2,"name":"Apoye nuestro trabajo"}]},{"@type":"WebSite","@id":"https:\/\/epacenter.org\/es\/#website","url":"https:\/\/epacenter.org\/es\/","name":"EPACENTER","description":"Amplifying the Creative Potential in Everyone","potentialAction":[{"@type":"SearchAction","target":{"@type":"EntryPoint","urlTemplate":"https:\/\/epacenter.org\/es\/?s={search_term_string}"},"query-input":{"@type":"PropertyValueSpecification","valueRequired":true,"valueName":"search_term_string"}}],"inLanguage":"es-ES"}]}},"_links":{"self":[{"href":"https:\/\/epacenter.org\/es\/wp-json\/wp\/v2\/pages\/6833","targetHints":{"allow":["GET"]}}],"collection":[{"href":"https:\/\/epacenter.org\/es\/wp-json\/wp\/v2\/pages"}],"about":[{"href":"https:\/\/epacenter.org\/es\/wp-json\/wp\/v2\/types\/page"}],"author":[{"embeddable":true,"href":"https:\/\/epacenter.org\/es\/wp-json\/wp\/v2\/users\/12"}],"replies":[{"embeddable":true,"href":"https:\/\/epacenter.org\/es\/wp-json\/wp\/v2\/comments?post=6833"}],"version-history":[{"count":1,"href":"https:\/\/epacenter.org\/es\/wp-json\/wp\/v2\/pages\/6833\/revisions"}],"predecessor-version":[{"id":6834,"href":"https:\/\/epacenter.org\/es\/wp-json\/wp\/v2\/pages\/6833\/revisions\/6834"}],"wp:attachment":[{"href":"https:\/\/epacenter.org\/es\/wp-json\/wp\/v2\/media?parent=6833"}],"curies":[{"name":"wp","href":"https:\/\/api.w.org\/{rel}","templated":true}]}}