{"id":6822,"date":"2025-01-29T23:47:27","date_gmt":"2025-01-29T23:47:27","guid":{"rendered":"https:\/\/epacenter.org\/?page_id=6822"},"modified":"2025-11-27T02:41:31","modified_gmt":"2025-11-27T02:41:31","slug":"inicio-2","status":"publish","type":"page","link":"https:\/\/epacenter.org\/es\/","title":{"rendered":"Inicio"},"content":{"rendered":"\n<div class=\"wp-block-cover alignfull is-light has-custom-content-position is-position-bottom-center\"><img fetchpriority=\"high\" decoding=\"async\" width=\"1920\" height=\"670\" class=\"wp-block-cover__image-background wp-image-1602\" alt=\"\" src=\"https:\/\/epacenter.org\/wp-content\/uploads\/EPACENTER_Home_Page_hero_Kids-glasses-art_BY.jpg\" style=\"object-position:20% 38%\" data-object-fit=\"cover\" data-object-position=\"20% 38%\" srcset=\"https:\/\/epacenter.org\/wp-content\/uploads\/EPACENTER_Home_Page_hero_Kids-glasses-art_BY.jpg 1920w, https:\/\/epacenter.org\/wp-content\/uploads\/EPACENTER_Home_Page_hero_Kids-glasses-art_BY-300x105.jpg 300w, https:\/\/epacenter.org\/wp-content\/uploads\/EPACENTER_Home_Page_hero_Kids-glasses-art_BY-1024x357.jpg 1024w, https:\/\/epacenter.org\/wp-content\/uploads\/EPACENTER_Home_Page_hero_Kids-glasses-art_BY-768x268.jpg 768w, https:\/\/epacenter.org\/wp-content\/uploads\/EPACENTER_Home_Page_hero_Kids-glasses-art_BY-1536x536.jpg 1536w\" sizes=\"(max-width: 1920px) 100vw, 1920px\" \/><span aria-hidden=\"true\" class=\"wp-block-cover__background has-background-dim-20 has-background-dim\"><\/span><div class=\"wp-block-cover__inner-container is-layout-flow wp-block-cover-is-layout-flow\">\n<h1 class=\"wp-block-heading has-text-align-center is-style-hero-head\">EL PODER DE<\/h1>\n\n\n\n<h1 class=\"wp-block-heading has-text-align-center is-style-hero-head\">LA CREATIVIDAD JUVENIL<\/h1>\n<\/div><\/div>\n\r\n\t\t<div  class=\"block-6c8ed3d2-c6bd-4b29-a117-8515f668d33a areoi-strip areoi-element strip alignfull mt-0 is-style-bg-brand-color-08\">\r\n\t\t\t\r\n\t\t\t\n\r\n\t\t<div  class=\"block-b30411b8-8ba4-4f49-bbbd-226330fad984 areoi-element container is-style-mw-md\">\r\n\t\t\t\r\n\t\t\t\n\r\n\t\t<div  class=\"block-2cf3a273-5df4-4de5-b347-8ac3c5344315 row areoi-element\">\r\n\t\t\t\r\n\r\n\t\t\t\n\r\n\t\t<div  class=\"block-5d2f278d-6366-4da0-a8da-1e0d2ebd6f6b col areoi-element is-style-default\">\r\n\t\t\t\r\n\t\t\t\n\n<div style=\"height:100px\" aria-hidden=\"true\" class=\"wp-block-spacer is-style-spacer-sm\"><\/div>\n\n\n\n<p class=\"has-text-align-center has-brand-color-09-color has-text-color\">EPACENTER es un centro de educaci\u00f3n y capacitaci\u00f3n que ofrece clases gratuitas despu\u00e9s de la escuela, los fines de semana y durante la semana, as\u00ed como entrenamiento laboral para j\u00f3venes y adultos j\u00f3venes del Condado de San Mateo entre 6 y 25 a\u00f1os.<\/p>\n\n\n\n<p class=\"has-text-align-center has-brand-color-09-color has-text-color\">EPACENTER ofrece un entorno de aprendizaje seguro para ni\u00f1os, adolescentes y j\u00f3venes adultos en el inicio de su carrera.<\/p>\n\n\n\n<p class=\"has-text-align-center has-brand-color-09-color has-text-color\">EPACENTER imagina un futuro en el que todos los j\u00f3venes de la EPA puedan convertirse en innovadores creativos y disfrutar de \u00e9xito econ\u00f3mico y social en su comunidad.<\/p>\n\n\n\n<div style=\"height:100px\" aria-hidden=\"true\" class=\"wp-block-spacer is-style-spacer-sm\"><\/div>\n\n \r\n\t\t\t\r\n\t\t<\/div>\r\n\t\n \r\n\t\t<\/div>\r\n\t\n \r\n\t\t<\/div>\r\n\t\n \r\n\t\t<\/div>\r\n\t\r\n\t\t<div  class=\"block-1b9e1356-5262-4ff4-a2a9-1ea5bb1d9bfd areoi-strip areoi-element strip alignfull is-style-bg-brand-color-06 mt-0\">\r\n\t\t\t\r\n\t\t\t\n\r\n\t\t<div  class=\"block-a6bf2115-49ad-4280-814e-8c0d6e59cb45 areoi-element container is-style-mw-xl p-2 py-4 p-md-3 py-md-4 p-lg-4 p-xl-5\">\r\n\t\t\t\r\n\t\t\t\n\r\n\t\t<div  class=\"block-2202fb78-be63-41fa-a0f9-0e796d0016b1 row areoi-element\">\r\n\t\t\t\r\n\r\n\t\t\t\n\r\n\t\t<div  class=\"block-4da5bbfc-8490-44e3-b14c-94db6cdee540 col areoi-element col-12 col-sm-6\">\r\n\t\t\t\r\n\t\t\t\n\n<figure class=\"wp-block-embed is-type-video is-provider-youtube wp-block-embed-youtube wp-embed-aspect-16-9 wp-has-aspect-ratio\"><div class=\"wp-block-embed__wrapper\">\n<iframe title=\"About EPACENTER\" width=\"500\" height=\"281\" src=\"https:\/\/www.youtube.com\/embed\/_LJsgGOrpg4?feature=oembed\" frameborder=\"0\" allow=\"accelerometer; autoplay; clipboard-write; encrypted-media; gyroscope; picture-in-picture; web-share\" referrerpolicy=\"strict-origin-when-cross-origin\" allowfullscreen><\/iframe>\n<\/div><\/figure>\n\n \r\n\t\t\t\r\n\t\t<\/div>\r\n\t\n\n\r\n\t\t<div  class=\"block-3ef1db43-d420-4a2c-9b53-27cbfc469646 col areoi-element col-12 col-sm-6\">\r\n\t\t\t\r\n\t\t\t\n\n<h2 class=\"wp-block-heading is-style-section-head has-brand-color-09-color has-text-color\">Nuestro trabajo<\/h2>\n\n\n\n<p class=\"has-brand-color-09-color has-text-color\">EPACENTER brinda programas gratuitos para los j\u00f3venes de East Palo Alto a lo largo de tres v\u00edas de desarrollo: clases educativas, programas de capacitaci\u00f3n laboral y apoyo socioemocional continuo para nuestros estudiantes.<\/p>\n\n\n\n<div style=\"height:100px\" aria-hidden=\"true\" class=\"wp-block-spacer is-style-spacer-xs\"><\/div>\n\n\n\n<div class=\"wp-block-buttons is-layout-flex wp-block-buttons-is-layout-flex\">\n<div class=\"wp-block-button\"><a class=\"wp-block-button__link has-brand-color-09-color has-brand-color-08-background-color has-text-color has-background wp-element-button\" href=\"https:\/\/epacenter.org\/es\/nuestro-impacto\/\">Nuestro impacto<\/a><\/div>\n<\/div>\n\n \r\n\t\t\t\r\n\t\t<\/div>\r\n\t\n \r\n\t\t<\/div>\r\n\t\n \r\n\t\t<\/div>\r\n\t\n \r\n\t\t<\/div>\r\n\t\r\n\t\t<div  class=\"block-16ca9cb9-fcdd-4ba3-b5be-9b76369bc8ec areoi-strip areoi-element strip alignfull is-style-bg-brand-color-02\">\r\n\t\t\t\r\n\t\t\t\n\r\n\t\t<div  class=\"block-ebe2e5f0-e62d-42e5-8f78-edf531853d73 areoi-element container is-style-mw-xl p-2 py-4 p-md-3 py-md-4 p-lg-4 p-xl-5\">\r\n\t\t\t\r\n\t\t\t\n\r\n\t\t<div  class=\"block-755677e3-a2a9-4c23-ae71-075768afcd1a row areoi-element\">\r\n\t\t\t\r\n\r\n\t\t\t\n\r\n\t\t<div  class=\"block-47634686-0f0b-4f68-9346-c24f36ce89ef col areoi-element col-12 col-sm-6\">\r\n\t\t\t\r\n\t\t\t\n\n<figure class=\"wp-block-video aligncenter\"><video height=\"1080\" style=\"aspect-ratio: 1920 \/ 1080;\" width=\"1920\" controls=\"\" src=\"https:\/\/epacenter.org\/wp-content\/uploads\/2025-Fall-Class-Promo.mp4\"><\/video><\/figure>\n\n \r\n\t\t\t\r\n\t\t<\/div>\r\n\t\n\n\r\n\t\t<div  class=\"block-197d1112-2d40-4e0c-ac67-ab0e7445987e col areoi-element col-12 col-sm-6\">\r\n\t\t\t\r\n\t\t\t\n\n<h2 class=\"wp-block-heading is-style-section-head has-brand-color-09-color has-text-color\">Programas<\/h2>\n\n\n\n<p class=\"has-brand-color-09-color has-text-color\">Nuestros programas, diferenciados por edades, est\u00e1n dirigidos por maestros, artistas y dise\u00f1adores en ejercicio, as\u00ed como por profesionales de la salud y el bienestar, y se llevan a cabo durante el d\u00eda escolar, despu\u00e9s de la escuela y durante el verano.<\/p>\n\n\n\n<p><\/p>\n\n\n\n<div style=\"height:34px\" aria-hidden=\"true\" class=\"wp-block-spacer is-style-spacer-xs\"><\/div>\n\n\n\n<div class=\"wp-block-buttons is-layout-flex wp-block-buttons-is-layout-flex\">\n<div class=\"wp-block-button\"><a class=\"wp-block-button__link has-brand-color-09-color has-brand-color-08-background-color has-text-color has-background wp-element-button\" href=\"https:\/\/epacenter.org\/es\/programas\/\">Solicita tu ingreso para el semestre de oto\u00f1o.<\/a><\/div>\n<\/div>\n\n \r\n\t\t\t\r\n\t\t<\/div>\r\n\t\n \r\n\t\t<\/div>\r\n\t\n \r\n\t\t<\/div>\r\n\t\n \r\n\t\t<\/div>\r\n\t\r\n\t\t<div  class=\"block-c8443572-777c-43ef-9323-7994c10a3372 areoi-strip areoi-element strip alignfull is-style-bg-brand-color-04 mb-0\">\r\n\t\t\t\r\n\t\t\t\n\r\n\t\t<div  class=\"block-8da16ebe-fcef-4a7c-ba8c-b5da358de4f8 areoi-element container is-style-mw-xl p-2 py-4 p-md-3 py-md-4 p-lg-4 p-xl-5\">\r\n\t\t\t\r\n\t\t\t\n\r\n\t\t<div  class=\"block-1a4c6eb1-896c-4fc9-8077-128bc9ab3d96 row areoi-element\">\r\n\t\t\t\r\n\r\n\t\t\t\n\r\n\t\t<div  class=\"block-753942ef-2cc5-4843-83f5-8135cc069684 col areoi-element col-12 col-sm-6\">\r\n\t\t\t\r\n\t\t\t\n\n<figure class=\"wp-block-embed is-type-video is-provider-youtube wp-block-embed-youtube wp-embed-aspect-16-9 wp-has-aspect-ratio\"><div class=\"wp-block-embed__wrapper\">\n<iframe title=\"EPACENTER Virtual Tour\" width=\"500\" height=\"281\" src=\"https:\/\/www.youtube.com\/embed\/6t_6q_uL5eU?feature=oembed\" frameborder=\"0\" allow=\"accelerometer; autoplay; clipboard-write; encrypted-media; gyroscope; picture-in-picture; web-share\" referrerpolicy=\"strict-origin-when-cross-origin\" allowfullscreen><\/iframe>\n<\/div><\/figure>\n\n \r\n\t\t\t\r\n\t\t<\/div>\r\n\t\n\n\r\n\t\t<div  class=\"block-fdaf942b-ee1b-43de-b65f-b470892c0ae7 col areoi-element col-12 col-sm-6\">\r\n\t\t\t\r\n\t\t\t\n\n<h2 class=\"wp-block-heading is-style-section-head has-brand-color-09-color has-text-color\">Nuestro espacio<\/h2>\n\n\n\n<p class=\"has-brand-color-09-color has-text-color\">Descubra c\u00f3mo otras organizaciones sin \u00e1nimo de lucro, agencias municipales y organizaciones juveniles utilizan nuestro espacio para ayudar a los ni\u00f1os y adolescentes de East Palo Alto y c\u00f3mo pueden hacerlo otras organizaciones.<\/p>\n\n\n\n<div style=\"height:100px\" aria-hidden=\"true\" class=\"wp-block-spacer is-style-spacer-xs\"><\/div>\n\n \r\n\t\t\t\r\n\t\t<\/div>\r\n\t\n \r\n\t\t<\/div>\r\n\t\n \r\n\t\t<\/div>\r\n\t\n \r\n\t\t<\/div>\r\n\t\r\n\t\t<div  class=\"block-ef721524-1c5e-47f5-a0e3-db98651680da areoi-strip areoi-element strip alignfull mb-0 is-style-bg-brand-color-03\">\r\n\t\t\t\r\n\t\t\t\n\r\n\t\t<div  class=\"block-762a119b-bb0a-4739-b61b-41a3c5e0267c areoi-element container is-style-mw-xl p-2 py-4 p-md-3 py-md-4 p-lg-4 p-xl-5\">\r\n\t\t\t\r\n\t\t\t\n\r\n\t\t<div  class=\"block-1a4c6eb1-896c-4fc9-8077-128bc9ab3d96 row areoi-element\">\r\n\t\t\t\r\n\r\n\t\t\t\n\r\n\t\t<div  class=\"block-9df08b90-35d8-400d-b120-19e4b780a8ba col areoi-element\">\r\n\t\t\t\r\n\t\t\t\n\r\n\t\t<div  class=\"block-c8b62d17-ada8-434a-a7d5-5bca5333ae72 col areoi-element\">\r\n\t\t\t\r\n\t\t\t\n\r\n\t\t<div  class=\"block-027c0571-6a27-46fc-83d9-9e0ce9277e4d areoi-element container is-style-mw-md\">\r\n\t\t\t\r\n\t\t\t\n\r\n\t\t<div  class=\"block-5e2aca71-5a4e-47c4-9d2d-10712e54f5ea row areoi-element\">\r\n\t\t\t\r\n\r\n\t\t\t\n\r\n\t\t<div  class=\"block-d7491c56-df48-4e3d-b99e-4b7ee39c4e67 col areoi-element\">\r\n\t\t\t\r\n\t\t\t\n\n<h2 class=\"wp-block-heading has-text-align-left is-style-section-head has-brand-color-09-color has-text-color has-link-color wp-elements-3abfe36aa8040f278090125f8cf7f186\">\u00a1MANTENTE AL D\u00cdA CON NUESTRAS RECIENTES PUBLICACIONES EN INSTAGRAM!<\/h2>\n\n\n\n<div class=\"wp-block-group is-layout-constrained wp-block-group-is-layout-constrained\">\n<blockquote class=\"instagram-media\" data-instgrm-permalink=\"https:\/\/www.instagram.com\/epacenterarts\/?utm_source=ig_embed&#038;utm_campaign=loading\" data-instgrm-version=\"14\" style=\"  background:#FFF; border:0; border-radius:3px; box-shadow:0 0 1px 0 rgba(0,0,0,0.5),0 1px 10px 0 rgba(0,0,0,0.15); margin: 1px; max-width:540px; min-width:326px; padding:0; width:99.375%; width:-webkit-calc(100% - 2px); width:calc(100% - 2px);\"><div style=\"padding:16px;\"> <a href=\"https:\/\/www.instagram.com\/epacenterarts\/?utm_source=ig_embed&#038;utm_campaign=loading\" style=\"  background:#FFFFFF; line-height:0; padding:0 0; text-align:center; text-decoration:none; width:100%;\" target=\"_blank\" rel=\"noopener\"> <div style=\"  display: flex; flex-direction: row; align-items: center;\"> <div style=\"background-color: #F4F4F4; border-radius: 50%; flex-grow: 0; height: 40px; margin-right: 14px; width: 40px;\"><\/div> <div style=\"display: flex; flex-direction: column; flex-grow: 1; justify-content: center;\"> <div style=\"  background-color: #F4F4F4; border-radius: 4px; flex-grow: 0; height: 14px; margin-bottom: 6px; width: 100px;\"><\/div> <div style=\"  background-color: #F4F4F4; border-radius: 4px; flex-grow: 0; height: 14px; width: 60px;\"><\/div><\/div><\/div><div style=\"padding: 19% 0;\"><\/div> <div style=\"display:block; height:50px; margin:0 auto 12px; width:50px;\"><svg xmlns=\"https:\/\/www.w3.org\/2000\/svg\" xmlns:xlink=\"https:\/\/www.w3.org\/1999\/xlink\" width=\"50px\" height=\"50px\" viewbox=\"0 0 60 60\" version=\"1.1\"><g stroke=\"none\" stroke-width=\"1\" fill=\"none\" fill-rule=\"evenodd\"><g transform=\"translate(-511.000000, -20.000000)\" fill=\"#000000\"><g><path d=\"M556.869,30.41 C554.814,30.41 553.148,32.076 553.148,34.131 C553.148,36.186 554.814,37.852 556.869,37.852 C558.924,37.852 560.59,36.186 560.59,34.131 C560.59,32.076 558.924,30.41 556.869,30.41 M541,60.657 C535.114,60.657 530.342,55.887 530.342,50 C530.342,44.114 535.114,39.342 541,39.342 C546.887,39.342 551.658,44.114 551.658,50 C551.658,55.887 546.887,60.657 541,60.657 M541,33.886 C532.1,33.886 524.886,41.1 524.886,50 C524.886,58.899 532.1,66.113 541,66.113 C549.9,66.113 557.115,58.899 557.115,50 C557.115,41.1 549.9,33.886 541,33.886 M565.378,62.101 C565.244,65.022 564.756,66.606 564.346,67.663 C563.803,69.06 563.154,70.057 562.106,71.106 C561.058,72.155 560.06,72.803 558.662,73.347 C557.607,73.757 556.021,74.244 553.102,74.378 C549.944,74.521 548.997,74.552 541,74.552 C533.003,74.552 532.056,74.521 528.898,74.378 C525.979,74.244 524.393,73.757 523.338,73.347 C521.94,72.803 520.942,72.155 519.894,71.106 C518.846,70.057 518.197,69.06 517.654,67.663 C517.244,66.606 516.755,65.022 516.623,62.101 C516.479,58.943 516.448,57.996 516.448,50 C516.448,42.003 516.479,41.056 516.623,37.899 C516.755,34.978 517.244,33.391 517.654,32.338 C518.197,30.938 518.846,29.942 519.894,28.894 C520.942,27.846 521.94,27.196 523.338,26.654 C524.393,26.244 525.979,25.756 528.898,25.623 C532.057,25.479 533.004,25.448 541,25.448 C548.997,25.448 549.943,25.479 553.102,25.623 C556.021,25.756 557.607,26.244 558.662,26.654 C560.06,27.196 561.058,27.846 562.106,28.894 C563.154,29.942 563.803,30.938 564.346,32.338 C564.756,33.391 565.244,34.978 565.378,37.899 C565.522,41.056 565.552,42.003 565.552,50 C565.552,57.996 565.522,58.943 565.378,62.101 M570.82,37.631 C570.674,34.438 570.167,32.258 569.425,30.349 C568.659,28.377 567.633,26.702 565.965,25.035 C564.297,23.368 562.623,22.342 560.652,21.575 C558.743,20.834 556.562,20.326 553.369,20.18 C550.169,20.033 549.148,20 541,20 C532.853,20 531.831,20.033 528.631,20.18 C525.438,20.326 523.257,20.834 521.349,21.575 C519.376,22.342 517.703,23.368 516.035,25.035 C514.368,26.702 513.342,28.377 512.574,30.349 C511.834,32.258 511.326,34.438 511.181,37.631 C511.035,40.831 511,41.851 511,50 C511,58.147 511.035,59.17 511.181,62.369 C511.326,65.562 511.834,67.743 512.574,69.651 C513.342,71.625 514.368,73.296 516.035,74.965 C517.703,76.634 519.376,77.658 521.349,78.425 C523.257,79.167 525.438,79.673 528.631,79.82 C531.831,79.965 532.853,80.001 541,80.001 C549.148,80.001 550.169,79.965 553.369,79.82 C556.562,79.673 558.743,79.167 560.652,78.425 C562.623,77.658 564.297,76.634 565.965,74.965 C567.633,73.296 568.659,71.625 569.425,69.651 C570.167,67.743 570.674,65.562 570.82,62.369 C570.966,59.17 571,58.147 571,50 C571,41.851 570.966,40.831 570.82,37.631\"><\/path><\/g><\/g><\/g><\/svg><\/div><div style=\"padding-top: 8px;\"> <div style=\"  color:#3897f0; font-family:Arial,sans-serif; font-size:14px; font-style:normal; font-weight:550; line-height:18px;\">Mira este perfil en Instagram.<\/div><\/div><div style=\"padding: 12.5% 0;\"><\/div> <div style=\"display: flex; flex-direction: row; margin-bottom: 14px; align-items: center;\"><div> <div style=\"background-color: #F4F4F4; border-radius: 50%; height: 12.5px; width: 12.5px; transform: translateX(0px) translateY(7px);\"><\/div> <div style=\"background-color: #F4F4F4; height: 12.5px; transform: rotate(-45deg) translateX(3px) translateY(1px); width: 12.5px; flex-grow: 0; margin-right: 14px; margin-left: 2px;\"><\/div> <div style=\"background-color: #F4F4F4; border-radius: 50%; height: 12.5px; width: 12.5px; transform: translateX(9px) translateY(-18px);\"><\/div><\/div><div style=\"margin-left: 8px;\"> <div style=\"  background-color: #F4F4F4; border-radius: 50%; flex-grow: 0; height: 20px; width: 20px;\"><\/div> <div style=\"  width: 0; height: 0; border-top: 2px solid transparent; border-left: 6px solid #f4f4f4; border-bottom: 2px solid transparent; transform: translateX(16px) translateY(-4px) rotate(30deg)\"><\/div><\/div><div style=\"margin-left: auto;\"> <div style=\"  width: 0px; border-top: 8px solid #F4F4F4; border-right: 8px solid transparent; transform: translateY(16px);\"><\/div> <div style=\"  background-color: #F4F4F4; flex-grow: 0; height: 12px; width: 16px; transform: translateY(-4px);\"><\/div> <div style=\"  width: 0; height: 0; border-top: 8px solid #F4F4F4; border-left: 8px solid transparent; transform: translateY(-4px) translateX(8px);\"><\/div><\/div><\/div> <div style=\"display: flex; flex-direction: column; flex-grow: 1; justify-content: center; margin-bottom: 24px;\"> <div style=\"  background-color: #F4F4F4; border-radius: 4px; flex-grow: 0; height: 14px; margin-bottom: 6px; width: 224px;\"><\/div> <div style=\"  background-color: #F4F4F4; border-radius: 4px; flex-grow: 0; height: 14px; width: 144px;\"><\/div><\/div><\/a><p style=\"  color:#c9c8cd; font-family:Arial,sans-serif; font-size:14px; line-height:17px; margin-bottom:0; margin-top:8px; overflow:hidden; padding:8px 0 7px; text-align:center; text-overflow:ellipsis; white-space:nowrap;\"><a href=\"https:\/\/www.instagram.com\/epacenterarts\/?utm_source=ig_embed&#038;utm_campaign=loading\" style=\" color:#c9c8cd; font-family:Arial,sans-serif; font-size:14px; font-style:normal; font-weight:normal; line-height:17px;\" target=\"_blank\" rel=\"noopener\">EPACENTER<\/a> (@<a href=\"https:\/\/www.instagram.com\/epacenterarts\/?utm_source=ig_embed&#038;utm_campaign=loading\" style=\" color:#c9c8cd; font-family:Arial,sans-serif; font-size:14px; font-style:normal; font-weight:normal; line-height:17px;\" target=\"_blank\" rel=\"noopener\">epacenterarts<\/a>) \u2022 Instagram photos and videos<\/p><\/div><\/blockquote>\n<script async=\"\" src=\"\/\/www.instagram.com\/embed.js\"><\/script>\n<\/div>\n\n \r\n\t\t\t\r\n\t\t<\/div>\r\n\t\n \r\n\t\t<\/div>\r\n\t\n \r\n\t\t<\/div>\r\n\t\n \r\n\t\t\t\r\n\t\t<\/div>\r\n\t\n \r\n\t\t\t\r\n\t\t<\/div>\r\n\t\n \r\n\t\t<\/div>\r\n\t\n \r\n\t\t<\/div>\r\n\t\n \r\n\t\t<\/div>\r\n\t","protected":false},"excerpt":{"rendered":"","protected":false},"author":12,"featured_media":0,"parent":0,"menu_order":0,"comment_status":"closed","ping_status":"closed","template":"no-gap","meta":{"_acf_changed":false,"inline_featured_image":false,"_EventAllDay":false,"_EventTimezone":"","_EventStartDate":"","_EventEndDate":"","_EventStartDateUTC":"","_EventEndDateUTC":"","_EventShowMap":false,"_EventShowMapLink":false,"_EventURL":"","_EventCost":"","_EventCostDescription":"","_EventCurrencySymbol":"","_EventCurrencyCode":"","_EventCurrencyPosition":"","_EventDateTimeSeparator":"","_EventTimeRangeSeparator":"","_EventOrganizerID":[],"_EventVenueID":[],"_OrganizerEmail":"","_OrganizerPhone":"","_OrganizerWebsite":"","_VenueAddress":"","_VenueCity":"","_VenueCountry":"","_VenueProvince":"","_VenueState":"","_VenueZip":"","_VenuePhone":"","_VenueURL":"","_VenueStateProvince":"","_VenueLat":"","_VenueLng":"","_VenueShowMap":false,"_VenueShowMapLink":false,"footnotes":""},"class_list":["post-6822","page","type-page","status-publish","hentry"],"acf":[],"yoast_head":"<!-- This site is optimized with the Yoast SEO plugin v27.3 - https:\/\/yoast.com\/product\/yoast-seo-wordpress\/ -->\n<title>EPACENTER<\/title>\n<meta name=\"robots\" content=\"index, follow, max-snippet:-1, max-image-preview:large, max-video-preview:-1\" \/>\n<link rel=\"canonical\" href=\"https:\/\/epacenter.org\/es\/\" \/>\n<meta property=\"og:locale\" content=\"es_ES\" \/>\n<meta property=\"og:type\" content=\"article\" \/>\n<meta property=\"og:url\" content=\"https:\/\/epacenter.org\/es\/\" \/>\n<meta property=\"og:site_name\" content=\"EPACENTER\" \/>\n<meta property=\"article:modified_time\" content=\"2025-11-27T02:41:31+00:00\" \/>\n<meta property=\"og:image\" content=\"https:\/\/epacenter.org\/wp-content\/uploads\/EPACENTER_Home_Page_hero_Kids-glasses-art_BY.jpg\" \/>\n<meta name=\"twitter:card\" content=\"summary_large_image\" \/>\n<meta name=\"twitter:label1\" content=\"Est. reading time\" \/>\n\t<meta name=\"twitter:data1\" content=\"1 minute\" \/>\n<script type=\"application\/ld+json\" class=\"yoast-schema-graph\">{\"@context\":\"https:\\\/\\\/schema.org\",\"@graph\":[{\"@type\":\"WebPage\",\"@id\":\"https:\\\/\\\/epacenter.org\\\/es\\\/\",\"url\":\"https:\\\/\\\/epacenter.org\\\/es\\\/\",\"name\":\"\",\"isPartOf\":{\"@id\":\"https:\\\/\\\/epacenter.org\\\/es\\\/#website\"},\"primaryImageOfPage\":{\"@id\":\"https:\\\/\\\/epacenter.org\\\/es\\\/#primaryimage\"},\"image\":{\"@id\":\"https:\\\/\\\/epacenter.org\\\/es\\\/#primaryimage\"},\"thumbnailUrl\":\"https:\\\/\\\/epacenter.org\\\/wp-content\\\/uploads\\\/EPACENTER_Home_Page_hero_Kids-glasses-art_BY.jpg\",\"datePublished\":\"2025-01-29T23:47:27+00:00\",\"dateModified\":\"2025-11-27T02:41:31+00:00\",\"breadcrumb\":{\"@id\":\"https:\\\/\\\/epacenter.org\\\/es\\\/#breadcrumb\"},\"inLanguage\":\"es-ES\",\"potentialAction\":[{\"@type\":\"ReadAction\",\"target\":[\"https:\\\/\\\/epacenter.org\\\/es\\\/\"]}]},{\"@type\":\"ImageObject\",\"inLanguage\":\"es-ES\",\"@id\":\"https:\\\/\\\/epacenter.org\\\/es\\\/#primaryimage\",\"url\":\"https:\\\/\\\/epacenter.org\\\/wp-content\\\/uploads\\\/EPACENTER_Home_Page_hero_Kids-glasses-art_BY.jpg\",\"contentUrl\":\"https:\\\/\\\/epacenter.org\\\/wp-content\\\/uploads\\\/EPACENTER_Home_Page_hero_Kids-glasses-art_BY.jpg\"},{\"@type\":\"BreadcrumbList\",\"@id\":\"https:\\\/\\\/epacenter.org\\\/es\\\/#breadcrumb\",\"itemListElement\":[{\"@type\":\"ListItem\",\"position\":1,\"name\":\"Home\",\"item\":\"https:\\\/\\\/epacenter.org\\\/es\\\/\"},{\"@type\":\"ListItem\",\"position\":2,\"name\":\"Inicio\"}]},{\"@type\":\"WebSite\",\"@id\":\"https:\\\/\\\/epacenter.org\\\/es\\\/#website\",\"url\":\"https:\\\/\\\/epacenter.org\\\/es\\\/\",\"name\":\"EPACENTER\",\"description\":\"Amplifying the Creative Potential in Everyone\",\"potentialAction\":[{\"@type\":\"SearchAction\",\"target\":{\"@type\":\"EntryPoint\",\"urlTemplate\":\"https:\\\/\\\/epacenter.org\\\/es\\\/?s={search_term_string}\"},\"query-input\":{\"@type\":\"PropertyValueSpecification\",\"valueRequired\":true,\"valueName\":\"search_term_string\"}}],\"inLanguage\":\"es-ES\"}]}<\/script>\n<!-- \/ Yoast SEO plugin. -->","yoast_head_json":{"title":"EPACENTER","robots":{"index":"index","follow":"follow","max-snippet":"max-snippet:-1","max-image-preview":"max-image-preview:large","max-video-preview":"max-video-preview:-1"},"canonical":"https:\/\/epacenter.org\/es\/","og_locale":"es_ES","og_type":"article","og_url":"https:\/\/epacenter.org\/es\/","og_site_name":"EPACENTER","article_modified_time":"2025-11-27T02:41:31+00:00","og_image":[{"url":"https:\/\/epacenter.org\/wp-content\/uploads\/EPACENTER_Home_Page_hero_Kids-glasses-art_BY.jpg","type":"","width":"","height":""}],"twitter_card":"summary_large_image","twitter_misc":{"Est. reading time":"1 minute"},"schema":{"@context":"https:\/\/schema.org","@graph":[{"@type":"WebPage","@id":"https:\/\/epacenter.org\/es\/","url":"https:\/\/epacenter.org\/es\/","name":"","isPartOf":{"@id":"https:\/\/epacenter.org\/es\/#website"},"primaryImageOfPage":{"@id":"https:\/\/epacenter.org\/es\/#primaryimage"},"image":{"@id":"https:\/\/epacenter.org\/es\/#primaryimage"},"thumbnailUrl":"https:\/\/epacenter.org\/wp-content\/uploads\/EPACENTER_Home_Page_hero_Kids-glasses-art_BY.jpg","datePublished":"2025-01-29T23:47:27+00:00","dateModified":"2025-11-27T02:41:31+00:00","breadcrumb":{"@id":"https:\/\/epacenter.org\/es\/#breadcrumb"},"inLanguage":"es-ES","potentialAction":[{"@type":"ReadAction","target":["https:\/\/epacenter.org\/es\/"]}]},{"@type":"ImageObject","inLanguage":"es-ES","@id":"https:\/\/epacenter.org\/es\/#primaryimage","url":"https:\/\/epacenter.org\/wp-content\/uploads\/EPACENTER_Home_Page_hero_Kids-glasses-art_BY.jpg","contentUrl":"https:\/\/epacenter.org\/wp-content\/uploads\/EPACENTER_Home_Page_hero_Kids-glasses-art_BY.jpg"},{"@type":"BreadcrumbList","@id":"https:\/\/epacenter.org\/es\/#breadcrumb","itemListElement":[{"@type":"ListItem","position":1,"name":"Home","item":"https:\/\/epacenter.org\/es\/"},{"@type":"ListItem","position":2,"name":"Inicio"}]},{"@type":"WebSite","@id":"https:\/\/epacenter.org\/es\/#website","url":"https:\/\/epacenter.org\/es\/","name":"EPACENTER","description":"Amplifying the Creative Potential in Everyone","potentialAction":[{"@type":"SearchAction","target":{"@type":"EntryPoint","urlTemplate":"https:\/\/epacenter.org\/es\/?s={search_term_string}"},"query-input":{"@type":"PropertyValueSpecification","valueRequired":true,"valueName":"search_term_string"}}],"inLanguage":"es-ES"}]}},"_links":{"self":[{"href":"https:\/\/epacenter.org\/es\/wp-json\/wp\/v2\/pages\/6822","targetHints":{"allow":["GET"]}}],"collection":[{"href":"https:\/\/epacenter.org\/es\/wp-json\/wp\/v2\/pages"}],"about":[{"href":"https:\/\/epacenter.org\/es\/wp-json\/wp\/v2\/types\/page"}],"author":[{"embeddable":true,"href":"https:\/\/epacenter.org\/es\/wp-json\/wp\/v2\/users\/12"}],"replies":[{"embeddable":true,"href":"https:\/\/epacenter.org\/es\/wp-json\/wp\/v2\/comments?post=6822"}],"version-history":[{"count":2,"href":"https:\/\/epacenter.org\/es\/wp-json\/wp\/v2\/pages\/6822\/revisions"}],"predecessor-version":[{"id":7233,"href":"https:\/\/epacenter.org\/es\/wp-json\/wp\/v2\/pages\/6822\/revisions\/7233"}],"wp:attachment":[{"href":"https:\/\/epacenter.org\/es\/wp-json\/wp\/v2\/media?parent=6822"}],"curies":[{"name":"wp","href":"https:\/\/api.w.org\/{rel}","templated":true}]}}