{"id":6818,"date":"2025-01-29T23:54:07","date_gmt":"2025-01-29T23:54:07","guid":{"rendered":"https:\/\/epacenter.org\/?page_id=6818"},"modified":"2025-01-29T23:54:07","modified_gmt":"2025-01-29T23:54:07","slug":"quienes-somos-2","status":"publish","type":"page","link":"https:\/\/epacenter.org\/es\/quienes-somos-2\/","title":{"rendered":"Qui\u00e9nes somos"},"content":{"rendered":"\n<div class=\"wp-block-cover alignfull is-light align-items-end\"><span aria-hidden=\"true\" class=\"wp-block-cover__background has-background-dim-0 has-background-dim\"><\/span><img fetchpriority=\"high\" decoding=\"async\" width=\"1920\" height=\"1080\" class=\"wp-block-cover__image-background wp-image-4481\" alt=\"\" src=\"https:\/\/epacenter.org\/wp-content\/uploads\/About-Us.png\" style=\"object-position:54% 72%\" data-object-fit=\"cover\" data-object-position=\"54% 72%\" srcset=\"https:\/\/epacenter.org\/wp-content\/uploads\/About-Us.png 1920w, https:\/\/epacenter.org\/wp-content\/uploads\/About-Us-300x169.png 300w, https:\/\/epacenter.org\/wp-content\/uploads\/About-Us-1024x576.png 1024w, https:\/\/epacenter.org\/wp-content\/uploads\/About-Us-768x432.png 768w, https:\/\/epacenter.org\/wp-content\/uploads\/About-Us-1536x864.png 1536w\" sizes=\"(max-width: 1920px) 100vw, 1920px\" \/><div class=\"wp-block-cover__inner-container is-layout-flow wp-block-cover-is-layout-flow\">\r\n\t\t<div  class=\"block-2f934c5a-ab0d-4708-b871-2669d3ac272c areoi-element container is-style-mw-xl\">\r\n\t\t\t\r\n\t\t\t\n\r\n\t\t<div  class=\"block-2734befb-7192-4a56-96f9-080d7ca05548 row areoi-element\">\r\n\t\t\t\r\n\r\n\t\t\t\n\r\n\t\t<div  class=\"block-17a0b97c-fa67-48b0-b97f-3337097aec10 col areoi-element\">\r\n\t\t\t\r\n\t\t\t\n\n<h1 class=\"wp-block-heading alignwide is-style-hero-head\">Qui\u00e9nes somos<\/h1>\n\n \r\n\t\t\t\r\n\t\t<\/div>\r\n\t\n \r\n\t\t<\/div>\r\n\t\n \r\n\t\t<\/div>\r\n\t<\/div><\/div>\n\r\n\t\t<div  class=\"block-37df74fc-e2fa-4b51-b1bd-6f6a3f57a267 areoi-element container is-style-mw-xxl\">\r\n\t\t\t\r\n\t\t\t\n\r\n\t\t<div  class=\"block-dd3f7282-6f30-4d6e-a31a-286ecd4f5316 row areoi-element\">\r\n\t\t\t\r\n\r\n\t\t\t\n\r\n\t\t<div  class=\"block-02650880-9b1a-40ab-ae1b-52a7bcb1d046 col areoi-element\">\r\n\t\t\t\r\n\t\t\t\n<nav style=\"font-style:normal;font-weight:700;text-transform:uppercase;\" class=\"has-text-color has-brand-color-08-color items-justified-space-between wp-block-navigation is-content-justification-space-between is-layout-flex wp-container-core-navigation-is-layout-b2891da8 wp-block-navigation-is-layout-flex\" aria-label=\"About Sub-Nav 1\"><ul style=\"font-style:normal;font-weight:700;text-transform:uppercase;\" class=\"wp-block-navigation__container has-text-color has-brand-color-08-color items-justified-space-between wp-block-navigation\"><li class=\" wp-block-navigation-item wp-block-navigation-link\"><a class=\"wp-block-navigation-item__content\"  href=\"https:\/\/epacenter.org\/es\/quienes-somos\/\"><span class=\"wp-block-navigation-item__label\">Qui\u00e9nes somos<\/span><\/a><\/li><li class=\" wp-block-navigation-item wp-block-navigation-link\"><a class=\"wp-block-navigation-item__content\"  href=\"https:\/\/epacenter.org\/es\/quienes-somos\/nuestra-historia\/\"><span class=\"wp-block-navigation-item__label\">Nuestra historia<\/span><\/a><\/li><li class=\" wp-block-navigation-item wp-block-navigation-link\"><a class=\"wp-block-navigation-item__content\"  href=\"https:\/\/epacenter.org\/es\/quienes-somos\/nuestro-personal\/\"><span class=\"wp-block-navigation-item__label\">Nuestra Gente<\/span><\/a><\/li><li class=\" wp-block-navigation-item wp-block-navigation-link\"><a class=\"wp-block-navigation-item__content\"  href=\"https:\/\/epacenter.org\/es\/quienes-somos\/trabajar-en-epacenter\/\"><span class=\"wp-block-navigation-item__label\">Trabaja en EPACENTER<\/span><\/a><\/li><li class=\" wp-block-navigation-item wp-block-navigation-link\"><a class=\"wp-block-navigation-item__content\"  href=\"https:\/\/epacenter.org\/es\/quienes-somos\/preguntas-frecuentes\/\"><span class=\"wp-block-navigation-item__label\">Preguntas M\u00e1s Frecuentes<\/span><\/a><\/li><li class=\" wp-block-navigation-item wp-block-navigation-link\"><a class=\"wp-block-navigation-item__content\"  href=\"https:\/\/epacenter.org\/es\/quienes-somos\/pongase-en-contacto-con-nosotros\/\"><span class=\"wp-block-navigation-item__label\">P\u00f3ngase en contacto con nosotros<\/span><\/a><\/li><\/ul><\/nav>\n \r\n\t\t\t\r\n\t\t<\/div>\r\n\t\n \r\n\t\t<\/div>\r\n\t\n \r\n\t\t<\/div>\r\n\t\r\n\t\t<div  class=\"block-894aa922-f839-4402-9393-690690ad7f10 areoi-element container is-style-mw-lg\">\r\n\t\t\t\r\n\t\t\t\n\r\n\t\t<div  class=\"block-a7ae6c24-abf7-4862-9691-5117974352a5 row areoi-element\">\r\n\t\t\t\r\n\r\n\t\t\t\n\r\n\t\t<div  class=\"block-c4fc60bb-9e05-477c-8b46-859d94dd87c6 col areoi-element\">\r\n\t\t\t\r\n\t\t\t\n\n<div style=\"height:100px\" aria-hidden=\"true\" class=\"wp-block-spacer is-style-spacer-brush-green\"><\/div>\n\n \r\n\t\t\t\r\n\t\t<\/div>\r\n\t\n \r\n\t\t<\/div>\r\n\t\n \r\n\t\t<\/div>\r\n\t\r\n\t\t<div  class=\"block-c0e334fd-ea6c-4ee6-b14e-20b0b1a6f926 areoi-element container is-style-mw-md\">\r\n\t\t\t\r\n\t\t\t\n\r\n\t\t<div  class=\"block-ef249851-ff73-4548-951d-b959466bc3df row areoi-element\">\r\n\t\t\t\r\n\r\n\t\t\t\n\r\n\t\t<div  class=\"block-43c76cc7-a10e-4e06-ac3a-2ad8e1b2279e col areoi-element\">\r\n\t\t\t\r\n\t\t\t\n\n<h2 class=\"wp-block-heading is-style-section-head\">NUESTRA LABOR<\/h2>\n\n\n\n<p>EPACENTER es una organizaci\u00f3n de desarrollo creativo juvenil que trabaja con los j\u00f3venes de East Palo Alto para que amplifiquen sus talentos e influyan en su mundo a trav\u00e9s de las artes y el dise\u00f1o. <\/p>\n\n\n\n<p>Nuestro nombre, pronunciado epicenter (\u201cepicentro\u201d en ingl\u00e9s), hace referencia a la gran energ\u00eda cultural de nuestra ciudad East Palo Alto (EPA). La fuerza y el potencial de East Palo Alto son evidentes en nuestra juventud. En EPACENTER brindamos a los ni\u00f1os y adolescentes la oportunidad de amplificar sus voces creativas, lo cual se traduce en una ciudad m\u00e1s fuerte y vibrante.<\/p>\n\n\n\n<p class=\"has-text-align-left\">Concebido y desarrollado por j\u00f3venes de East Palo Alto y dise\u00f1ado por el mundialmente reconocido arquitecto Kulapat Yantrasast, nuestro nuevo centro creativo de desarrollo juvenil es un importante n\u00facleo de oportunidades para todos los j\u00f3venes de la zona metropolitana de East Palo Alto.<\/p>\n\n\n\n<p>Desde el hogar de la naci\u00f3n Ohlone y los floricultores japoneses-americanos, hasta los l\u00edderes afroamericanos que incorporaron la ciudad as\u00ed como las m\u00e1s recientes y crecientes culturas latina y polinesia, En EPACENTER celebramos tanto la localidad en la que estamos arraigados como a quienes viven en \u00e9sta.<\/p>\n\n\n\n<div style=\"height:100px\" aria-hidden=\"true\" class=\"wp-block-spacer is-style-spacer-sm\"><\/div>\n\n \r\n\t\t\t\r\n\t\t<\/div>\r\n\t\n \r\n\t\t<\/div>\r\n\t\n \r\n\t\t<\/div>\r\n\t\r\n\t\t<div  class=\"block-1870f397-0546-4f22-a383-93959c194382 areoi-element container is-style-mw-lg\">\r\n\t\t\t\r\n\t\t\t\n\r\n\t\t<div  class=\"block-5925fce2-e660-4f40-a4b5-48beb2c75cc5 row areoi-element is-style-quote-style-01\">\r\n\t\t\t\r\n\r\n\t\t\t\n\r\n\t\t<div  class=\"block-2caa0a98-a81a-4880-90fe-a2f890b261e5 col areoi-element col-12 col-md-6\">\r\n\t\t\t\r\n\t\t\t\n\n<figure class=\"wp-block-image size-large\"><img decoding=\"async\" width=\"1024\" height=\"720\" src=\"https:\/\/epacenter.org\/wp-content\/uploads\/1200x0-1-1024x720.jpeg\" alt=\"\" class=\"wp-image-1488\" srcset=\"https:\/\/epacenter.org\/wp-content\/uploads\/1200x0-1-1024x720.jpeg 1024w, https:\/\/epacenter.org\/wp-content\/uploads\/1200x0-1-300x211.jpeg 300w, https:\/\/epacenter.org\/wp-content\/uploads\/1200x0-1-768x540.jpeg 768w, https:\/\/epacenter.org\/wp-content\/uploads\/1200x0-1.jpeg 1200w\" sizes=\"(max-width: 1024px) 100vw, 1024px\" \/><\/figure>\n\n \r\n\t\t\t\r\n\t\t<\/div>\r\n\t\n\n\r\n\t\t<div  class=\"block-a4800f13-deee-4259-b1e1-1ef481d0a93b col areoi-element\">\r\n\t\t\t\r\n\t\t\t\n\n<figure class=\"wp-block-pullquote\"><blockquote><p>\u201cHe desarrollado muchas habilidades sociales y emocionales distintas junto a mi comunidad. En EPACENTER siento que tengo un prop\u00f3sito\u201d.<\/p><cite>&#8211; Staci Edwards, MIEMBRO FUNDADORA JUVENIL Y ACTUAL MIEMBRO DE LA JUNTA DIRECTIVA DE EPACENTER.<\/cite><\/blockquote><\/figure>\n\n \r\n\t\t\t\r\n\t\t<\/div>\r\n\t\n \r\n\t\t<\/div>\r\n\t\n \r\n\t\t<\/div>\r\n\t\r\n\t\t<div  class=\"block-fa6c6403-8c55-4b0b-93ca-ed5e770da806 areoi-element container is-style-mw-lg\">\r\n\t\t\t\r\n\t\t\t\n\r\n\t\t<div  class=\"block-fd06ef51-c5a2-4f1f-bacf-ea9208f8305f row areoi-element\">\r\n\t\t\t\r\n\r\n\t\t\t\n\r\n\t\t<div  class=\"block-05747527-b589-4d95-bb26-a04d7ee9d863 col areoi-element\">\r\n\t\t\t\r\n\t\t\t\n\n<div style=\"height:100px\" aria-hidden=\"true\" class=\"wp-block-spacer is-style-spacer-brush-blue\"><\/div>\n\n \r\n\t\t\t\r\n\t\t<\/div>\r\n\t\n \r\n\t\t<\/div>\r\n\t\n \r\n\t\t<\/div>\r\n\t\r\n\t\t<div  class=\"block-cb2a40c3-1aeb-4f8a-b446-2cc5719c8b72 areoi-element container is-style-mw-md\">\r\n\t\t\t\r\n\t\t\t\n\r\n\t\t<div  class=\"block-8cdbbb7d-ff16-4724-a39f-7629a0113bfc row areoi-element\">\r\n\t\t\t\r\n\r\n\t\t\t\n\r\n\t\t<div  class=\"block-a22f68b1-e6ea-4685-a2f2-bbd163077582 col areoi-element\">\r\n\t\t\t\r\n\t\t\t\n\n<h2 class=\"wp-block-heading is-style-section-head\">Nuestra misi\u00f3n<\/h2>\n\n\n\n<p>Nuestra misi\u00f3n es aumentar las oportunidades para que los j\u00f3venes descubran y ampl\u00eden su talento, desarrollen su potencial, y tengan un impacto en el mundo a trav\u00e9s de las artes, el dise\u00f1o y la tecnolog\u00eda.<\/p>\n\n \r\n\t\t\t\r\n\t\t<\/div>\r\n\t\n \r\n\t\t<\/div>\r\n\t\n \r\n\t\t<\/div>\r\n\t\r\n\t\t<div  class=\"block-0d278b78-6f40-4b34-81e5-888fa40895ea areoi-element container is-style-mw-lg\">\r\n\t\t\t\r\n\t\t\t\n\r\n\t\t<div  class=\"block-0a95e7da-c38d-4e2c-b076-be52e68ebff4 row areoi-element\">\r\n\t\t\t\r\n\r\n\t\t\t\n\r\n\t\t<div  class=\"block-0b4646f9-6da3-43c5-9703-0ff1ba93a46e col areoi-element\">\r\n\t\t\t\r\n\t\t\t\n\n<div style=\"height:100px\" aria-hidden=\"true\" class=\"wp-block-spacer is-style-spacer-brush-brown\"><\/div>\n\n \r\n\t\t\t\r\n\t\t<\/div>\r\n\t\n \r\n\t\t<\/div>\r\n\t\n \r\n\t\t<\/div>\r\n\t\r\n\t\t<div  class=\"block-91457f97-3c25-4abc-a674-1fc57ad0e961 areoi-element container is-style-mw-md\">\r\n\t\t\t\r\n\t\t\t\n\r\n\t\t<div  class=\"block-1cf9c5cd-388c-4970-acdc-21427c8df653 row areoi-element\">\r\n\t\t\t\r\n\r\n\t\t\t\n\r\n\t\t<div  class=\"block-f74db1e2-074c-4cc3-88c2-92ef15f18123 col areoi-element\">\r\n\t\t\t\r\n\t\t\t\n\n<h2 class=\"wp-block-heading is-style-section-head\">Valores<\/h2>\n\n\n\n<p><\/p>\n\n\n\n<p>We believe that youth have the right to determine the world they will inherit as adults. <\/p>\n\n\n\n<p>Valoramos el derecho de los j\u00f3venes a dar forma a su mundo y a crear circunstancias c\u00edvicas, sociales, educativas, econ\u00f3micas y medioambientales que les permitan vivir de forma sana, productiva y sostenible. <\/p>\n\n\n\n<p>Tambi\u00e9n involucramos a los j\u00f3venes en la toma de decisiones organizativas, en funciones directivas clave, y en oportunidades de liderazgo cultural. <\/p>\n\n\n\n<p>Privilegiamos el trabajo creativo de los j\u00f3venes exhibiendo sus obras en nuestra galer\u00eda, en nuestros escenarios y en nuestras pantallas.<\/p>\n\n \r\n\t\t\t\r\n\t\t<\/div>\r\n\t\n \r\n\t\t<\/div>\r\n\t\n \r\n\t\t<\/div>\r\n\t\r\n\t\t<div  class=\"block-bf9cc666-7d81-4880-9c03-9f6ab6b9e8e9 areoi-element container is-style-mw-lg\">\r\n\t\t\t\r\n\t\t\t\n\r\n\t\t<div  class=\"block-a9fbb20e-7a3e-46d2-b667-e42b8fcadc0f row areoi-element\">\r\n\t\t\t\r\n\r\n\t\t\t\n\r\n\t\t<div  class=\"block-0b4646f9-6da3-43c5-9703-0ff1ba93a46e col areoi-element\">\r\n\t\t\t\r\n\t\t\t\n\n<div style=\"height:100px\" aria-hidden=\"true\" class=\"wp-block-spacer is-style-spacer-brush-green\"><\/div>\n\n \r\n\t\t\t\r\n\t\t<\/div>\r\n\t\n \r\n\t\t<\/div>\r\n\t\n \r\n\t\t<\/div>\r\n\t\r\n\t\t<div  class=\"block-6b3db375-09eb-4861-ae1b-7dec226e40d3 areoi-element container is-style-mw-md\">\r\n\t\t\t\r\n\t\t\t\n\r\n\t\t<div  class=\"block-f8c27793-a28a-4f31-97ee-77334f622cf0 row areoi-element\">\r\n\t\t\t\r\n\r\n\t\t\t\n\r\n\t\t<div  class=\"block-a22f68b1-e6ea-4685-a2f2-bbd163077582 col areoi-element\">\r\n\t\t\t\r\n\t\t\t\n\n<h2 class=\"wp-block-heading has-text-align-left is-style-section-head\">Hear from our Parents<\/h2>\n\n\n\n<p><\/p>\n\n\n\n<figure class=\"wp-block-embed is-type-video is-provider-youtube wp-block-embed-youtube wp-embed-aspect-16-9 wp-has-aspect-ratio\"><div class=\"wp-block-embed__wrapper\">\n<iframe title=\"Meet EPACENTER Parents\" width=\"500\" height=\"281\" src=\"https:\/\/www.youtube.com\/embed\/rxwTKRVF7_k?feature=oembed\" frameborder=\"0\" allow=\"accelerometer; autoplay; clipboard-write; encrypted-media; gyroscope; picture-in-picture; web-share\" referrerpolicy=\"strict-origin-when-cross-origin\" allowfullscreen><\/iframe>\n<\/div><\/figure>\n\n \r\n\t\t\t\r\n\t\t<\/div>\r\n\t\n \r\n\t\t<\/div>\r\n\t\n \r\n\t\t<\/div>\r\n\t\r\n\t\t<div  class=\"block-3601f9af-0836-4e20-9bf5-cdcdb7156df3 areoi-strip areoi-element strip alignfull is-style-bg-brand-color-03\">\r\n\t\t\t\r\n\t\t\t\n\r\n\t\t<div  class=\"block-fee08949-e8e4-40b4-9cc2-b58260c0a863 areoi-element container py-5 is-style-mw-xxl\">\r\n\t\t\t\r\n\t\t\t\n\r\n\t\t<div  class=\"block-0cfee1c3-d1e0-4956-a1ae-66ca2ff181d2 row areoi-element\">\r\n\t\t\t\r\n\r\n\t\t\t\n\r\n\t\t<div  class=\"block-409fa2be-1aa5-4718-a5ae-71b339c270a9 col areoi-element\">\r\n\t\t\t\r\n\t\t\t\n\n<h2 class=\"wp-block-heading has-text-align-center is-style-section-head\">APOYA Nuestro impacto<\/h2>\n\n\n\n<p class=\"has-text-align-center is-style-message-block-text\">Descubre c\u00f3mo nuestros programas influyen diariamente en los j\u00f3venes de East Palo Alto.<\/p>\n\n\n\n<div class=\"wp-block-buttons is-content-justification-center is-layout-flex wp-container-core-buttons-is-layout-a89b3969 wp-block-buttons-is-layout-flex\">\n<div class=\"wp-block-button\"><a class=\"wp-block-button__link wp-element-button\" href=\"https:\/\/epacenter.org\/support\/\">ENT\u00c9RATE M\u00c1S<\/a><\/div>\n<\/div>\n\n \r\n\t\t\t\r\n\t\t<\/div>\r\n\t\n \r\n\t\t<\/div>\r\n\t\n \r\n\t\t<\/div>\r\n\t\n \r\n\t\t<\/div>\r\n\t","protected":false},"excerpt":{"rendered":"","protected":false},"author":12,"featured_media":0,"parent":0,"menu_order":0,"comment_status":"closed","ping_status":"closed","template":"no-gap","meta":{"_acf_changed":false,"inline_featured_image":false,"_EventAllDay":false,"_EventTimezone":"","_EventStartDate":"","_EventEndDate":"","_EventStartDateUTC":"","_EventEndDateUTC":"","_EventShowMap":false,"_EventShowMapLink":false,"_EventURL":"","_EventCost":"","_EventCostDescription":"","_EventCurrencySymbol":"","_EventCurrencyCode":"","_EventCurrencyPosition":"","_EventDateTimeSeparator":"","_EventTimeRangeSeparator":"","_EventOrganizerID":[],"_EventVenueID":[],"_OrganizerEmail":"","_OrganizerPhone":"","_OrganizerWebsite":"","_VenueAddress":"","_VenueCity":"","_VenueCountry":"","_VenueProvince":"","_VenueState":"","_VenueZip":"","_VenuePhone":"","_VenueURL":"","_VenueStateProvince":"","_VenueLat":"","_VenueLng":"","_VenueShowMap":false,"_VenueShowMapLink":false,"footnotes":""},"class_list":["post-6818","page","type-page","status-publish","hentry"],"acf":[],"yoast_head":"<!-- This site is optimized with the Yoast SEO plugin v27.2 - https:\/\/yoast.com\/product\/yoast-seo-wordpress\/ -->\n<title>Qui\u00e9nes somos - EPACENTER<\/title>\n<meta name=\"robots\" content=\"index, follow, max-snippet:-1, max-image-preview:large, max-video-preview:-1\" \/>\n<link rel=\"canonical\" href=\"https:\/\/epacenter.org\/es\/quienes-somos-2\/\" \/>\n<meta property=\"og:locale\" content=\"es_ES\" \/>\n<meta property=\"og:type\" content=\"article\" \/>\n<meta property=\"og:title\" content=\"Qui\u00e9nes somos - EPACENTER\" \/>\n<meta property=\"og:url\" content=\"https:\/\/epacenter.org\/es\/quienes-somos-2\/\" \/>\n<meta property=\"og:site_name\" content=\"EPACENTER\" \/>\n<meta property=\"og:image\" content=\"https:\/\/epacenter.org\/wp-content\/uploads\/About-Us.png\" \/>\n<meta name=\"twitter:card\" content=\"summary_large_image\" \/>\n<meta name=\"twitter:label1\" content=\"Est. reading time\" \/>\n\t<meta name=\"twitter:data1\" content=\"2 minutes\" \/>\n<script type=\"application\/ld+json\" class=\"yoast-schema-graph\">{\"@context\":\"https:\/\/schema.org\",\"@graph\":[{\"@type\":\"WebPage\",\"@id\":\"https:\/\/epacenter.org\/es\/quienes-somos-2\/\",\"url\":\"https:\/\/epacenter.org\/es\/quienes-somos-2\/\",\"name\":\"Qui\u00e9nes somos - EPACENTER\",\"isPartOf\":{\"@id\":\"https:\/\/epacenter.org\/es\/#website\"},\"primaryImageOfPage\":{\"@id\":\"https:\/\/epacenter.org\/es\/quienes-somos-2\/#primaryimage\"},\"image\":{\"@id\":\"https:\/\/epacenter.org\/es\/quienes-somos-2\/#primaryimage\"},\"thumbnailUrl\":\"https:\/\/epacenter.org\/wp-content\/uploads\/About-Us.png\",\"datePublished\":\"2025-01-29T23:54:07+00:00\",\"breadcrumb\":{\"@id\":\"https:\/\/epacenter.org\/es\/quienes-somos-2\/#breadcrumb\"},\"inLanguage\":\"es-ES\",\"potentialAction\":[{\"@type\":\"ReadAction\",\"target\":[\"https:\/\/epacenter.org\/es\/quienes-somos-2\/\"]}]},{\"@type\":\"ImageObject\",\"inLanguage\":\"es-ES\",\"@id\":\"https:\/\/epacenter.org\/es\/quienes-somos-2\/#primaryimage\",\"url\":\"https:\/\/epacenter.org\/wp-content\/uploads\/About-Us.png\",\"contentUrl\":\"https:\/\/epacenter.org\/wp-content\/uploads\/About-Us.png\"},{\"@type\":\"BreadcrumbList\",\"@id\":\"https:\/\/epacenter.org\/es\/quienes-somos-2\/#breadcrumb\",\"itemListElement\":[{\"@type\":\"ListItem\",\"position\":1,\"name\":\"Home\",\"item\":\"https:\/\/epacenter.org\/es\/\"},{\"@type\":\"ListItem\",\"position\":2,\"name\":\"Qui\u00e9nes somos\"}]},{\"@type\":\"WebSite\",\"@id\":\"https:\/\/epacenter.org\/es\/#website\",\"url\":\"https:\/\/epacenter.org\/es\/\",\"name\":\"EPACENTER\",\"description\":\"Amplifying the Creative Potential in Everyone\",\"potentialAction\":[{\"@type\":\"SearchAction\",\"target\":{\"@type\":\"EntryPoint\",\"urlTemplate\":\"https:\/\/epacenter.org\/es\/?s={search_term_string}\"},\"query-input\":{\"@type\":\"PropertyValueSpecification\",\"valueRequired\":true,\"valueName\":\"search_term_string\"}}],\"inLanguage\":\"es-ES\"}]}<\/script>\n<!-- \/ Yoast SEO plugin. -->","yoast_head_json":{"title":"Qui\u00e9nes somos - EPACENTER","robots":{"index":"index","follow":"follow","max-snippet":"max-snippet:-1","max-image-preview":"max-image-preview:large","max-video-preview":"max-video-preview:-1"},"canonical":"https:\/\/epacenter.org\/es\/quienes-somos-2\/","og_locale":"es_ES","og_type":"article","og_title":"Qui\u00e9nes somos - EPACENTER","og_url":"https:\/\/epacenter.org\/es\/quienes-somos-2\/","og_site_name":"EPACENTER","og_image":[{"url":"https:\/\/epacenter.org\/wp-content\/uploads\/About-Us.png","type":"","width":"","height":""}],"twitter_card":"summary_large_image","twitter_misc":{"Est. reading time":"2 minutes"},"schema":{"@context":"https:\/\/schema.org","@graph":[{"@type":"WebPage","@id":"https:\/\/epacenter.org\/es\/quienes-somos-2\/","url":"https:\/\/epacenter.org\/es\/quienes-somos-2\/","name":"Qui\u00e9nes somos - EPACENTER","isPartOf":{"@id":"https:\/\/epacenter.org\/es\/#website"},"primaryImageOfPage":{"@id":"https:\/\/epacenter.org\/es\/quienes-somos-2\/#primaryimage"},"image":{"@id":"https:\/\/epacenter.org\/es\/quienes-somos-2\/#primaryimage"},"thumbnailUrl":"https:\/\/epacenter.org\/wp-content\/uploads\/About-Us.png","datePublished":"2025-01-29T23:54:07+00:00","breadcrumb":{"@id":"https:\/\/epacenter.org\/es\/quienes-somos-2\/#breadcrumb"},"inLanguage":"es-ES","potentialAction":[{"@type":"ReadAction","target":["https:\/\/epacenter.org\/es\/quienes-somos-2\/"]}]},{"@type":"ImageObject","inLanguage":"es-ES","@id":"https:\/\/epacenter.org\/es\/quienes-somos-2\/#primaryimage","url":"https:\/\/epacenter.org\/wp-content\/uploads\/About-Us.png","contentUrl":"https:\/\/epacenter.org\/wp-content\/uploads\/About-Us.png"},{"@type":"BreadcrumbList","@id":"https:\/\/epacenter.org\/es\/quienes-somos-2\/#breadcrumb","itemListElement":[{"@type":"ListItem","position":1,"name":"Home","item":"https:\/\/epacenter.org\/es\/"},{"@type":"ListItem","position":2,"name":"Qui\u00e9nes somos"}]},{"@type":"WebSite","@id":"https:\/\/epacenter.org\/es\/#website","url":"https:\/\/epacenter.org\/es\/","name":"EPACENTER","description":"Amplifying the Creative Potential in Everyone","potentialAction":[{"@type":"SearchAction","target":{"@type":"EntryPoint","urlTemplate":"https:\/\/epacenter.org\/es\/?s={search_term_string}"},"query-input":{"@type":"PropertyValueSpecification","valueRequired":true,"valueName":"search_term_string"}}],"inLanguage":"es-ES"}]}},"_links":{"self":[{"href":"https:\/\/epacenter.org\/es\/wp-json\/wp\/v2\/pages\/6818","targetHints":{"allow":["GET"]}}],"collection":[{"href":"https:\/\/epacenter.org\/es\/wp-json\/wp\/v2\/pages"}],"about":[{"href":"https:\/\/epacenter.org\/es\/wp-json\/wp\/v2\/types\/page"}],"author":[{"embeddable":true,"href":"https:\/\/epacenter.org\/es\/wp-json\/wp\/v2\/users\/12"}],"replies":[{"embeddable":true,"href":"https:\/\/epacenter.org\/es\/wp-json\/wp\/v2\/comments?post=6818"}],"version-history":[{"count":1,"href":"https:\/\/epacenter.org\/es\/wp-json\/wp\/v2\/pages\/6818\/revisions"}],"predecessor-version":[{"id":6819,"href":"https:\/\/epacenter.org\/es\/wp-json\/wp\/v2\/pages\/6818\/revisions\/6819"}],"wp:attachment":[{"href":"https:\/\/epacenter.org\/es\/wp-json\/wp\/v2\/media?parent=6818"}],"curies":[{"name":"wp","href":"https:\/\/api.w.org\/{rel}","templated":true}]}}