{"id":4860,"date":"2022-06-16T22:57:59","date_gmt":"2022-06-16T22:57:59","guid":{"rendered":"https:\/\/epacenter.org\/programas\/asociaciones-comunitarias\/"},"modified":"2024-09-03T17:33:47","modified_gmt":"2024-09-03T17:33:47","slug":"asociaciones-comunitarias","status":"publish","type":"page","link":"https:\/\/epacenter.org\/es\/programas\/asociaciones-comunitarias\/","title":{"rendered":"Asociaciones comunitarias"},"content":{"rendered":"\n<div class=\"wp-block-cover alignfull align-items-end\"><span aria-hidden=\"true\" class=\"wp-block-cover__background has-background-dim-0 has-background-dim\"><\/span><img fetchpriority=\"high\" decoding=\"async\" width=\"1920\" height=\"670\" class=\"wp-block-cover__image-background wp-image-1255\" alt=\"\" src=\"https:\/\/epacenter.org\/wp-content\/uploads\/EPACENTER_Home_Page_hero_Kids-running_BY.jpg\" style=\"object-position:53% 46%\" data-object-fit=\"cover\" data-object-position=\"53% 46%\" srcset=\"https:\/\/epacenter.org\/wp-content\/uploads\/EPACENTER_Home_Page_hero_Kids-running_BY.jpg 1920w, https:\/\/epacenter.org\/wp-content\/uploads\/EPACENTER_Home_Page_hero_Kids-running_BY-300x105.jpg 300w, https:\/\/epacenter.org\/wp-content\/uploads\/EPACENTER_Home_Page_hero_Kids-running_BY-1024x357.jpg 1024w, https:\/\/epacenter.org\/wp-content\/uploads\/EPACENTER_Home_Page_hero_Kids-running_BY-768x268.jpg 768w, https:\/\/epacenter.org\/wp-content\/uploads\/EPACENTER_Home_Page_hero_Kids-running_BY-1536x536.jpg 1536w\" sizes=\"(max-width: 1920px) 100vw, 1920px\" \/><div class=\"wp-block-cover__inner-container is-layout-flow wp-block-cover-is-layout-flow\">\r\n\t\t<div  class=\"block-ac40616a-e5dd-4b89-98da-afac5bb71e66 areoi-element container is-style-mw-xl\">\r\n\t\t\t\r\n\t\t\t\n\r\n\t\t<div  class=\"block-5ea17956-acdb-4b27-934a-1eed9c803c64 row areoi-element\">\r\n\t\t\t\r\n\r\n\t\t\t\n\r\n\t\t<div  class=\"block-9410c7ac-ccff-4809-9fdf-9b0c802e74f2 col areoi-element\">\r\n\t\t\t\r\n\t\t\t\n\n<h1 class=\"wp-block-heading alignwide is-style-hero-head\">Asociaciones comunitarias<\/h1>\n\n \r\n\t\t\t\r\n\t\t<\/div>\r\n\t\n \r\n\t\t<\/div>\r\n\t\n \r\n\t\t<\/div>\r\n\t<\/div><\/div>\n\n\n\r\n\t\t<div  class=\"block-87e408b6-2930-4ff3-b4a4-25b2539c3faf areoi-strip areoi-element strip alignfull\">\r\n\t\t\t\r\n\t\t\t\n\r\n\t\t<div  class=\"block-f2e3fedc-478f-49ad-ad49-e875ac92694c areoi-element container is-style-mw-sm\">\r\n\t\t\t\r\n\t\t\t\n\r\n\t\t<div  class=\"block-bfc22ca8-dfb5-4a72-9620-0e64176a03c0 row areoi-element\">\r\n\t\t\t\r\n\r\n\t\t\t\n\r\n\t\t<div  class=\"block-b07a8ee1-a939-4b90-b937-507e08152654 col areoi-element\">\r\n\t\t\t\r\n\t\t\t\n<nav style=\"font-style:normal;font-weight:700;text-transform:uppercase;\" class=\"has-text-color has-brand-color-08-color items-justified-space-between wp-block-navigation is-content-justification-space-between is-layout-flex wp-container-core-navigation-is-layout-b2891da8 wp-block-navigation-is-layout-flex\" aria-label=\"Navigation 4\"><ul style=\"font-style:normal;font-weight:700;text-transform:uppercase;\" class=\"wp-block-navigation__container has-text-color has-brand-color-08-color items-justified-space-between wp-block-navigation\"><li class=\" wp-block-navigation-item wp-block-navigation-link\"><a class=\"wp-block-navigation-item__content\"  href=\"https:\/\/epacenter.org\/programs\/\"><span class=\"wp-block-navigation-item__label\">Programas<\/span><\/a><\/li><li class=\" wp-block-navigation-item wp-block-navigation-link\"><a class=\"wp-block-navigation-item__content\"  href=\"https:\/\/epacenter.org\/programs\/community-partnerships\/\"><span class=\"wp-block-navigation-item__label\">Asociaciones comunitarias<\/span><\/a><\/li><\/ul><\/nav>\n \r\n\t\t\t\r\n\t\t<\/div>\r\n\t\n \r\n\t\t<\/div>\r\n\t\n \r\n\t\t<\/div>\r\n\t\n\n\r\n\t\t<div  class=\"block-fe393262-dbd7-45a5-80f0-4dcee3435eb9 areoi-element container is-style-mw-lg\">\r\n\t\t\t\r\n\t\t\t\n\r\n\t\t<div  class=\"block-2fe617e8-8f7a-4371-be69-69233e3ecaa9 row areoi-element\">\r\n\t\t\t\r\n\r\n\t\t\t\n\r\n\t\t<div  class=\"block-a082305f-e858-48e4-831e-3d861f62db76 col areoi-element\">\r\n\t\t\t\r\n\t\t\t\n\n<div style=\"height:100px\" aria-hidden=\"true\" class=\"wp-block-spacer is-style-spacer-brush-green\"><\/div>\n\n \r\n\t\t\t\r\n\t\t<\/div>\r\n\t\n \r\n\t\t<\/div>\r\n\t\n \r\n\t\t<\/div>\r\n\t\n\n\r\n\t\t<div  class=\"block-86b25122-e758-4a01-8226-ed741535d488 areoi-element container is-style-mw-md\">\r\n\t\t\t\r\n\t\t\t\n\r\n\t\t<div  class=\"block-53599cef-361c-48c5-98f6-fdf70105d6c6 row areoi-element\">\r\n\t\t\t\r\n\r\n\t\t\t\n\r\n\t\t<div  class=\"block-f08cab5b-ad79-439e-8c9b-dfe690a210f3 col areoi-element\">\r\n\t\t\t\r\n\t\t\t\n\n<p>Nuestras asociaciones comunitarias con escuelas y organizaciones de iguales llevan la programaci\u00f3n de EPACENTER a los j\u00f3venes de todo East Palo Alto. Los j\u00f3venes descubren sus intereses creativos, desarrollan su talento y encuentran su voz a trav\u00e9s de actividades guiadas por profesores y artistas de la comunidad circundante.<\/p>\n\n\n\n<p><\/p>\n\n\n\n<p><\/p>\n\n\n\n<p class=\"has-text-align-center has-section-head-font-size\"><strong>NUESTROS SOCIOS<\/strong><\/p>\n\n\n\n<div class=\"wp-block-columns is-layout-flex wp-container-core-columns-is-layout-28f84493 wp-block-columns-is-layout-flex\">\n<div class=\"wp-block-column is-layout-flow wp-block-column-is-layout-flow\" style=\"flex-basis:100%\">\n<div class=\"wp-block-columns is-layout-flex wp-container-core-columns-is-layout-28f84493 wp-block-columns-is-layout-flex\">\n<div class=\"wp-block-column is-vertically-aligned-center is-layout-flow wp-block-column-is-layout-flow\">\n<figure class=\"wp-block-image aligncenter size-large is-resized\"><a href=\"https:\/\/kippnorcal.org\/\"><img decoding=\"async\" src=\"https:\/\/epacenter.org\/wp-content\/uploads\/KIPP-NorCal-resized-logo-copy-1024x987.png\" alt=\"\" class=\"wp-image-1529\" style=\"width:145px;height:140px\" \/><\/a><\/figure>\n<\/div>\n\n\n\n<div class=\"wp-block-column is-vertically-aligned-center is-layout-flow wp-block-column-is-layout-flow\">\n<figure class=\"wp-block-image aligncenter size-large is-resized\"><a href=\"https:\/\/sites.google.com\/view\/raices-de-mexico\/home\"><img decoding=\"async\" width=\"1024\" height=\"987\" src=\"https:\/\/epacenter.org\/wp-content\/uploads\/RAICES-resized-logo-copy-1024x987.png\" alt=\"\" class=\"wp-image-1531\" style=\"width:154px;height:148px\" srcset=\"https:\/\/epacenter.org\/wp-content\/uploads\/RAICES-resized-logo-copy-1024x987.png 1024w, https:\/\/epacenter.org\/wp-content\/uploads\/RAICES-resized-logo-copy-300x289.png 300w, https:\/\/epacenter.org\/wp-content\/uploads\/RAICES-resized-logo-copy-768x740.png 768w, https:\/\/epacenter.org\/wp-content\/uploads\/RAICES-resized-logo-copy-1536x1481.png 1536w, https:\/\/epacenter.org\/wp-content\/uploads\/RAICES-resized-logo-copy.png 1975w\" sizes=\"(max-width: 1024px) 100vw, 1024px\" \/><\/a><\/figure>\n<\/div>\n\n\n\n<div class=\"wp-block-column is-vertically-aligned-center is-layout-flow wp-block-column-is-layout-flow\">\n<figure class=\"wp-block-image aligncenter size-large is-resized\"><a href=\"https:\/\/www.ci.east-palo-alto.ca.us\/\"><img decoding=\"async\" src=\"https:\/\/epacenter.org\/wp-content\/uploads\/EPA-Logo-CMYK-1024x987.png\" alt=\"\" class=\"wp-image-1543\" style=\"width:159px;height:153px\" \/><\/a><\/figure>\n<\/div>\n<\/div>\n\n\n\n<div class=\"wp-block-columns is-layout-flex wp-container-core-columns-is-layout-28f84493 wp-block-columns-is-layout-flex\">\n<div class=\"wp-block-columns are-vertically-aligned-center is-layout-flex wp-container-core-columns-is-layout-28f84493 wp-block-columns-is-layout-flex\">\n<div class=\"wp-block-column is-vertically-aligned-center is-layout-flow wp-block-column-is-layout-flow\" style=\"flex-basis:33.34%\"><\/div>\n\n\n\n<div class=\"wp-block-column is-vertically-aligned-center is-layout-flow wp-block-column-is-layout-flow\" style=\"flex-basis:33.34%\">\n<figure class=\"wp-block-image aligncenter size-medium is-style-default\"><a href=\"https:\/\/www.facebook.com\/KikiStepItUpDance\/\"><img decoding=\"async\" width=\"300\" height=\"289\" src=\"https:\/\/epacenter.org\/wp-content\/uploads\/Step-it-Up-resized-logo-copy-1-300x289.png\" alt=\"\" class=\"wp-image-1574\" srcset=\"https:\/\/epacenter.org\/wp-content\/uploads\/Step-it-Up-resized-logo-copy-1-300x289.png 300w, https:\/\/epacenter.org\/wp-content\/uploads\/Step-it-Up-resized-logo-copy-1-1024x987.png 1024w, https:\/\/epacenter.org\/wp-content\/uploads\/Step-it-Up-resized-logo-copy-1-768x740.png 768w, https:\/\/epacenter.org\/wp-content\/uploads\/Step-it-Up-resized-logo-copy-1-1536x1481.png 1536w, https:\/\/epacenter.org\/wp-content\/uploads\/Step-it-Up-resized-logo-copy-1.png 1975w\" sizes=\"(max-width: 300px) 100vw, 300px\" \/><\/a><\/figure>\n<\/div>\n\n\n\n<div class=\"wp-block-column is-vertically-aligned-center is-layout-flow wp-block-column-is-layout-flow\" style=\"flex-basis:33.33%\">\n<figure class=\"wp-block-image aligncenter size-full is-resized\"><a href=\"https:\/\/www.waltdisney.org\/education\"><img loading=\"lazy\" decoding=\"async\" width=\"315\" height=\"160\" src=\"https:\/\/epacenter.org\/wp-content\/uploads\/625AF451-0790-485A-87C1-2F9AF77E85F7_4_5005_c.jpeg\" alt=\"\" class=\"wp-image-1922\" style=\"width:172px;height:87px\" srcset=\"https:\/\/epacenter.org\/wp-content\/uploads\/625AF451-0790-485A-87C1-2F9AF77E85F7_4_5005_c.jpeg 315w, https:\/\/epacenter.org\/wp-content\/uploads\/625AF451-0790-485A-87C1-2F9AF77E85F7_4_5005_c-300x152.jpeg 300w\" sizes=\"(max-width: 315px) 100vw, 315px\" \/><\/a><\/figure>\n<\/div>\n<\/div>\n<\/div>\n<\/div>\n<\/div>\n\n\n\n<div class=\"wp-block-buttons is-content-justification-center is-layout-flex wp-container-core-buttons-is-layout-a89b3969 wp-block-buttons-is-layout-flex\">\n<div class=\"wp-block-button\"><a class=\"wp-block-button__link wp-element-button\" href=\"https:\/\/epacenter.org\/es\/quienes-somos\/pongase-en-contacto-con-nosotros\/\">As\u00f3ciese a EPACENTER<\/a><\/div>\n<\/div>\n\n \r\n\t\t\t\r\n\t\t<\/div>\r\n\t\n \r\n\t\t<\/div>\r\n\t\n \r\n\t\t<\/div>\r\n\t\n\n\n<p><\/p>\n\n \r\n\t\t<\/div>\r\n\t","protected":false},"excerpt":{"rendered":"","protected":false},"author":4,"featured_media":0,"parent":4850,"menu_order":0,"comment_status":"closed","ping_status":"closed","template":"no-gap","meta":{"_acf_changed":false,"inline_featured_image":false,"_EventAllDay":false,"_EventTimezone":"","_EventStartDate":"","_EventEndDate":"","_EventStartDateUTC":"","_EventEndDateUTC":"","_EventShowMap":false,"_EventShowMapLink":false,"_EventURL":"","_EventCost":"","_EventCostDescription":"","_EventCurrencySymbol":"","_EventCurrencyCode":"","_EventCurrencyPosition":"","_EventDateTimeSeparator":"","_EventTimeRangeSeparator":"","_EventOrganizerID":[],"_EventVenueID":[],"_OrganizerEmail":"","_OrganizerPhone":"","_OrganizerWebsite":"","_VenueAddress":"","_VenueCity":"","_VenueCountry":"","_VenueProvince":"","_VenueState":"","_VenueZip":"","_VenuePhone":"","_VenueURL":"","_VenueStateProvince":"","_VenueLat":"","_VenueLng":"","_VenueShowMap":false,"_VenueShowMapLink":false,"footnotes":""},"class_list":["post-4860","page","type-page","status-publish","hentry"],"acf":[],"yoast_head":"<!-- This site is optimized with the Yoast SEO plugin v27.3 - https:\/\/yoast.com\/product\/yoast-seo-wordpress\/ -->\n<title>Asociaciones comunitarias - EPACENTER<\/title>\n<meta name=\"robots\" content=\"index, follow, max-snippet:-1, max-image-preview:large, max-video-preview:-1\" \/>\n<link rel=\"canonical\" href=\"https:\/\/epacenter.org\/es\/programas\/asociaciones-comunitarias\/\" \/>\n<meta property=\"og:locale\" content=\"es_ES\" \/>\n<meta property=\"og:type\" content=\"article\" \/>\n<meta property=\"og:title\" content=\"Asociaciones comunitarias - EPACENTER\" \/>\n<meta property=\"og:url\" content=\"https:\/\/epacenter.org\/es\/programas\/asociaciones-comunitarias\/\" \/>\n<meta property=\"og:site_name\" content=\"EPACENTER\" \/>\n<meta property=\"article:modified_time\" content=\"2024-09-03T17:33:47+00:00\" \/>\n<meta property=\"og:image\" content=\"https:\/\/epacenter.org\/wp-content\/uploads\/EPACENTER_Home_Page_hero_Kids-running_BY.jpg\" \/>\n<meta name=\"twitter:card\" content=\"summary_large_image\" \/>\n<meta name=\"twitter:label1\" content=\"Est. reading time\" \/>\n\t<meta name=\"twitter:data1\" content=\"2 minutes\" \/>\n<script type=\"application\/ld+json\" class=\"yoast-schema-graph\">{\"@context\":\"https:\\\/\\\/schema.org\",\"@graph\":[{\"@type\":\"WebPage\",\"@id\":\"https:\\\/\\\/epacenter.org\\\/es\\\/programas\\\/asociaciones-comunitarias\\\/\",\"url\":\"https:\\\/\\\/epacenter.org\\\/es\\\/programas\\\/asociaciones-comunitarias\\\/\",\"name\":\"Asociaciones comunitarias - EPACENTER\",\"isPartOf\":{\"@id\":\"https:\\\/\\\/epacenter.org\\\/es\\\/#website\"},\"primaryImageOfPage\":{\"@id\":\"https:\\\/\\\/epacenter.org\\\/es\\\/programas\\\/asociaciones-comunitarias\\\/#primaryimage\"},\"image\":{\"@id\":\"https:\\\/\\\/epacenter.org\\\/es\\\/programas\\\/asociaciones-comunitarias\\\/#primaryimage\"},\"thumbnailUrl\":\"https:\\\/\\\/epacenter.org\\\/wp-content\\\/uploads\\\/EPACENTER_Home_Page_hero_Kids-running_BY.jpg\",\"datePublished\":\"2022-06-16T22:57:59+00:00\",\"dateModified\":\"2024-09-03T17:33:47+00:00\",\"breadcrumb\":{\"@id\":\"https:\\\/\\\/epacenter.org\\\/es\\\/programas\\\/asociaciones-comunitarias\\\/#breadcrumb\"},\"inLanguage\":\"es-ES\",\"potentialAction\":[{\"@type\":\"ReadAction\",\"target\":[\"https:\\\/\\\/epacenter.org\\\/es\\\/programas\\\/asociaciones-comunitarias\\\/\"]}]},{\"@type\":\"ImageObject\",\"inLanguage\":\"es-ES\",\"@id\":\"https:\\\/\\\/epacenter.org\\\/es\\\/programas\\\/asociaciones-comunitarias\\\/#primaryimage\",\"url\":\"https:\\\/\\\/epacenter.org\\\/wp-content\\\/uploads\\\/EPACENTER_Home_Page_hero_Kids-running_BY.jpg\",\"contentUrl\":\"https:\\\/\\\/epacenter.org\\\/wp-content\\\/uploads\\\/EPACENTER_Home_Page_hero_Kids-running_BY.jpg\"},{\"@type\":\"BreadcrumbList\",\"@id\":\"https:\\\/\\\/epacenter.org\\\/es\\\/programas\\\/asociaciones-comunitarias\\\/#breadcrumb\",\"itemListElement\":[{\"@type\":\"ListItem\",\"position\":1,\"name\":\"Home\",\"item\":\"https:\\\/\\\/epacenter.org\\\/es\\\/\"},{\"@type\":\"ListItem\",\"position\":2,\"name\":\"Programas\",\"item\":\"https:\\\/\\\/epacenter.org\\\/es\\\/programas\\\/\"},{\"@type\":\"ListItem\",\"position\":3,\"name\":\"Asociaciones comunitarias\"}]},{\"@type\":\"WebSite\",\"@id\":\"https:\\\/\\\/epacenter.org\\\/es\\\/#website\",\"url\":\"https:\\\/\\\/epacenter.org\\\/es\\\/\",\"name\":\"EPACENTER\",\"description\":\"Amplifying the Creative Potential in Everyone\",\"potentialAction\":[{\"@type\":\"SearchAction\",\"target\":{\"@type\":\"EntryPoint\",\"urlTemplate\":\"https:\\\/\\\/epacenter.org\\\/es\\\/?s={search_term_string}\"},\"query-input\":{\"@type\":\"PropertyValueSpecification\",\"valueRequired\":true,\"valueName\":\"search_term_string\"}}],\"inLanguage\":\"es-ES\"}]}<\/script>\n<!-- \/ Yoast SEO plugin. -->","yoast_head_json":{"title":"Asociaciones comunitarias - EPACENTER","robots":{"index":"index","follow":"follow","max-snippet":"max-snippet:-1","max-image-preview":"max-image-preview:large","max-video-preview":"max-video-preview:-1"},"canonical":"https:\/\/epacenter.org\/es\/programas\/asociaciones-comunitarias\/","og_locale":"es_ES","og_type":"article","og_title":"Asociaciones comunitarias - EPACENTER","og_url":"https:\/\/epacenter.org\/es\/programas\/asociaciones-comunitarias\/","og_site_name":"EPACENTER","article_modified_time":"2024-09-03T17:33:47+00:00","og_image":[{"url":"https:\/\/epacenter.org\/wp-content\/uploads\/EPACENTER_Home_Page_hero_Kids-running_BY.jpg","type":"","width":"","height":""}],"twitter_card":"summary_large_image","twitter_misc":{"Est. reading time":"2 minutes"},"schema":{"@context":"https:\/\/schema.org","@graph":[{"@type":"WebPage","@id":"https:\/\/epacenter.org\/es\/programas\/asociaciones-comunitarias\/","url":"https:\/\/epacenter.org\/es\/programas\/asociaciones-comunitarias\/","name":"Asociaciones comunitarias - EPACENTER","isPartOf":{"@id":"https:\/\/epacenter.org\/es\/#website"},"primaryImageOfPage":{"@id":"https:\/\/epacenter.org\/es\/programas\/asociaciones-comunitarias\/#primaryimage"},"image":{"@id":"https:\/\/epacenter.org\/es\/programas\/asociaciones-comunitarias\/#primaryimage"},"thumbnailUrl":"https:\/\/epacenter.org\/wp-content\/uploads\/EPACENTER_Home_Page_hero_Kids-running_BY.jpg","datePublished":"2022-06-16T22:57:59+00:00","dateModified":"2024-09-03T17:33:47+00:00","breadcrumb":{"@id":"https:\/\/epacenter.org\/es\/programas\/asociaciones-comunitarias\/#breadcrumb"},"inLanguage":"es-ES","potentialAction":[{"@type":"ReadAction","target":["https:\/\/epacenter.org\/es\/programas\/asociaciones-comunitarias\/"]}]},{"@type":"ImageObject","inLanguage":"es-ES","@id":"https:\/\/epacenter.org\/es\/programas\/asociaciones-comunitarias\/#primaryimage","url":"https:\/\/epacenter.org\/wp-content\/uploads\/EPACENTER_Home_Page_hero_Kids-running_BY.jpg","contentUrl":"https:\/\/epacenter.org\/wp-content\/uploads\/EPACENTER_Home_Page_hero_Kids-running_BY.jpg"},{"@type":"BreadcrumbList","@id":"https:\/\/epacenter.org\/es\/programas\/asociaciones-comunitarias\/#breadcrumb","itemListElement":[{"@type":"ListItem","position":1,"name":"Home","item":"https:\/\/epacenter.org\/es\/"},{"@type":"ListItem","position":2,"name":"Programas","item":"https:\/\/epacenter.org\/es\/programas\/"},{"@type":"ListItem","position":3,"name":"Asociaciones comunitarias"}]},{"@type":"WebSite","@id":"https:\/\/epacenter.org\/es\/#website","url":"https:\/\/epacenter.org\/es\/","name":"EPACENTER","description":"Amplifying the Creative Potential in Everyone","potentialAction":[{"@type":"SearchAction","target":{"@type":"EntryPoint","urlTemplate":"https:\/\/epacenter.org\/es\/?s={search_term_string}"},"query-input":{"@type":"PropertyValueSpecification","valueRequired":true,"valueName":"search_term_string"}}],"inLanguage":"es-ES"}]}},"_links":{"self":[{"href":"https:\/\/epacenter.org\/es\/wp-json\/wp\/v2\/pages\/4860","targetHints":{"allow":["GET"]}}],"collection":[{"href":"https:\/\/epacenter.org\/es\/wp-json\/wp\/v2\/pages"}],"about":[{"href":"https:\/\/epacenter.org\/es\/wp-json\/wp\/v2\/types\/page"}],"author":[{"embeddable":true,"href":"https:\/\/epacenter.org\/es\/wp-json\/wp\/v2\/users\/4"}],"replies":[{"embeddable":true,"href":"https:\/\/epacenter.org\/es\/wp-json\/wp\/v2\/comments?post=4860"}],"version-history":[{"count":2,"href":"https:\/\/epacenter.org\/es\/wp-json\/wp\/v2\/pages\/4860\/revisions"}],"predecessor-version":[{"id":5780,"href":"https:\/\/epacenter.org\/es\/wp-json\/wp\/v2\/pages\/4860\/revisions\/5780"}],"up":[{"embeddable":true,"href":"https:\/\/epacenter.org\/es\/wp-json\/wp\/v2\/pages\/4850"}],"wp:attachment":[{"href":"https:\/\/epacenter.org\/es\/wp-json\/wp\/v2\/media?parent=4860"}],"curies":[{"name":"wp","href":"https:\/\/api.w.org\/{rel}","templated":true}]}}