{"id":4846,"date":"2022-05-28T22:37:03","date_gmt":"2022-05-28T22:37:03","guid":{"rendered":"https:\/\/epacenter.org\/nuestro-impacto\/"},"modified":"2024-08-30T01:45:06","modified_gmt":"2024-08-30T01:45:06","slug":"nuestro-impacto","status":"publish","type":"page","link":"https:\/\/epacenter.org\/es\/nuestro-impacto\/","title":{"rendered":"Nuestro impacto"},"content":{"rendered":"\n<div class=\"wp-block-cover alignfull is-light align-items-end is-style-default\" style=\"border-style:none;border-width:0px;padding-top:0;padding-bottom:0\"><span aria-hidden=\"true\" class=\"wp-block-cover__background has-background-dim-10 has-background-dim\"><\/span><img fetchpriority=\"high\" decoding=\"async\" width=\"1920\" height=\"1080\" class=\"wp-block-cover__image-background wp-image-4463\" alt=\"\" src=\"https:\/\/epacenter.org\/wp-content\/uploads\/Our-Impact.png\" style=\"object-position:51% 42%\" data-object-fit=\"cover\" data-object-position=\"51% 42%\" srcset=\"https:\/\/epacenter.org\/wp-content\/uploads\/Our-Impact.png 1920w, https:\/\/epacenter.org\/wp-content\/uploads\/Our-Impact-300x169.png 300w, https:\/\/epacenter.org\/wp-content\/uploads\/Our-Impact-1024x576.png 1024w, https:\/\/epacenter.org\/wp-content\/uploads\/Our-Impact-768x432.png 768w, https:\/\/epacenter.org\/wp-content\/uploads\/Our-Impact-1536x864.png 1536w\" sizes=\"(max-width: 1920px) 100vw, 1920px\" \/><div class=\"wp-block-cover__inner-container is-layout-flow wp-block-cover-is-layout-flow\">\r\n\t\t<div  class=\"block-e9e3ccc3-595c-41b6-b054-84172a5d8236 areoi-element container is-style-mw-xl\">\r\n\t\t\t\r\n\t\t\t\n\r\n\t\t<div  class=\"block-f9508731-4b5b-4171-b4da-6653d9e69dc4 row areoi-element\">\r\n\t\t\t\r\n\r\n\t\t\t\n\r\n\t\t<div  class=\"block-24e9afd9-6f59-49c7-afb0-67323a59132e col areoi-element\">\r\n\t\t\t\r\n\t\t\t\n\n<h1 class=\"wp-block-heading alignwide is-style-hero-head\">NUESTRO IMPACTO<\/h1>\n\n \r\n\t\t\t\r\n\t\t<\/div>\r\n\t\n \r\n\t\t<\/div>\r\n\t\n \r\n\t\t<\/div>\r\n\t<\/div><\/div>\n\r\n\t\t<div  class=\"block-ead34029-e4e5-4c19-be16-1262738c8cfb areoi-element container is-style-mw-lg\">\r\n\t\t\t\r\n\t\t\t\n\r\n\t\t<div  class=\"block-da687e1a-a07f-4f93-80fb-0d8056934d4c row areoi-element\">\r\n\t\t\t\r\n\r\n\t\t\t\n\r\n\t\t<div  class=\"block-f8a5ac2a-2335-4a36-be83-261e16ebf4f1 col areoi-element\">\r\n\t\t\t\r\n\t\t\t\n\n<div style=\"height:71px\" aria-hidden=\"true\" class=\"wp-block-spacer is-style-spacer-brush-green\"><\/div>\n\n \r\n\t\t\t\r\n\t\t<\/div>\r\n\t\n \r\n\t\t<\/div>\r\n\t\n \r\n\t\t<\/div>\r\n\t\r\n\t\t<div  class=\"block-e1c6d473-728f-422a-b4a9-9adba22f9393 areoi-element container is-style-mw-md\">\r\n\t\t\t\r\n\t\t\t\n\r\n\t\t<div  class=\"block-28c475bf-183d-408b-b534-98ff00eadab3 row areoi-element\">\r\n\t\t\t\r\n\r\n\t\t\t\n\r\n\t\t<div  class=\"block-38ed4b97-e889-4789-a18d-9d91f28a4d12 col areoi-element\">\r\n\t\t\t\r\n\t\t\t\n\n<h2 class=\"wp-block-heading is-style-section-head\">NUESTRO IMPACTO EN 2023<\/h2>\n\n\n\n<div style=\"height:0px\" aria-hidden=\"true\" class=\"wp-block-spacer\"><\/div>\n\n\n\r\n\t\t<div  class=\"block-637d80bb-cd2d-4a66-bb18-a299062d4cd8 row areoi-element\">\r\n\t\t\t\r\n\r\n\t\t\t\n\r\n\t\t<div  class=\"block-8aa2bba1-cf03-4231-8cbe-556da1dd0e59 col areoi-element\">\r\n\t\t\t\r\n\t\t\t\n\n<div style=\"position:relative;padding-top:max(60%,326px);height:0;width:100%\"><iframe allow=\"clipboard-write\" sandbox=\"allow-top-navigation allow-top-navigation-by-user-activation allow-downloads allow-scripts allow-same-origin allow-popups allow-modals allow-popups-to-escape-sandbox allow-forms\" allowfullscreen=\"true\" style=\"position:absolute;border:none;width:100%;height:100%;left:0;right:0;top:0;bottom:0;\" src=\"https:\/\/e.issuu.com\/embed.html?backgroundColor=%23f2f0f0&#038;d=2023_annual_report&#038;hideIssuuLogo=true&#038;u=epacenterarts\"><\/iframe><\/div>\n\n \r\n\t\t\t\r\n\t\t<\/div>\r\n\t\n \r\n\t\t<\/div>\r\n\t\n \r\n\t\t\t\r\n\t\t<\/div>\r\n\t\n \r\n\t\t<\/div>\r\n\t\n\n\r\n\t\t<div  class=\"block-b295a13c-2638-442e-b0e9-13787e774733 row areoi-element\">\r\n\t\t\t\r\n\r\n\t\t\t\n\r\n\t\t<div  class=\"block-7a215b86-5983-4995-be7c-15c9a758929c col areoi-element\">\r\n\t\t\t\r\n\t\t\t \r\n\t\t\t\r\n\t\t<\/div>\r\n\t\n \r\n\t\t<\/div>\r\n\t\n \r\n\t\t<\/div>\r\n\t\r\n\t\t<div  class=\"block-3f729281-4aa7-4f97-bcac-42d6a56e336b areoi-element container is-style-mw-md\">\r\n\t\t\t\r\n\t\t\t\n\r\n\t\t<div  class=\"block-ab20d8b7-776a-4ac2-9381-62974a4f4a69 row areoi-element\">\r\n\t\t\t\r\n\r\n\t\t\t\n\r\n\t\t<div  class=\"block-38ed4b97-e889-4789-a18d-9d91f28a4d12 col areoi-element\">\r\n\t\t\t\r\n\t\t\t\n\n<h2 class=\"wp-block-heading is-style-section-head\">NUESTRO IMPACTO EN 2022<\/h2>\n\n\n\n<p>En 2022, EPACENTER atendi\u00f3 a m\u00e1s de 600 j\u00f3venes de East Palo Alto, Belle Haven y otros lugares. Seg\u00fan las encuestas posteriores al programa:<\/p>\n\n \r\n\t\t\t\r\n\t\t<\/div>\r\n\t\n \r\n\t\t<\/div>\r\n\t\n\n\r\n\t\t<div  class=\"block-a446b433-bbd2-4675-9a40-5d8ed4eb7e60 row areoi-element\">\r\n\t\t\t\r\n\r\n\t\t\t\n\r\n\t\t<div  class=\"block-a7ebe97e-b57d-4b8e-a5bc-8b56b0e683c9 col areoi-element\">\r\n\t\t\t\r\n\t\t\t\n\n<p class=\"has-text-align-center has-brand-color-05-color has-text-color has-big-statistic-font-size\" style=\"font-style:normal;font-weight:700\">97%<\/p>\n\n\n\n<p>de los alumnos estaban orgullosos del trabajo realizado en sus clases de EPACENTER.<\/p>\n\n \r\n\t\t\t\r\n\t\t<\/div>\r\n\t\n\n\r\n\t\t<div  class=\"block-77e76814-dbbd-43a9-a2ec-48fb2d9838e1 col areoi-element\">\r\n\t\t\t\r\n\t\t\t\n\n<p class=\"has-text-align-center has-brand-color-02-color has-text-color has-big-statistic-font-size\" style=\"font-style:normal;font-weight:700\">91%<\/p>\n\n\n\n<p>de los estudiantes dijeron que sus clases les ayudaron a seguir adelante con sus proyectos art\u00edsticos incluso cuando \u00e9stos se volvieron dif\u00edciles.<\/p>\n\n \r\n\t\t\t\r\n\t\t<\/div>\r\n\t\n\n\r\n\t\t<div  class=\"block-2b99a9e5-a09c-420d-99d7-05361a88462e col areoi-element\">\r\n\t\t\t\r\n\t\t\t\n\n<p class=\"has-text-align-center has-brand-color-03-color has-text-color has-big-statistic-font-size\" style=\"font-style:normal;font-weight:700\">82%<\/p>\n\n\n\n<p>de los estudiantes afirmaron que sus clases les ayudaron a aprender a utilizar las nuevas tecnolog\u00edas.<\/p>\n\n \r\n\t\t\t\r\n\t\t<\/div>\r\n\t\n \r\n\t\t<\/div>\r\n\t\n\n\r\n\t\t<div  class=\"block-9cc912a4-6f76-4a7f-ad40-4768b0362683 row areoi-element\">\r\n\t\t\t\r\n\r\n\t\t\t\n\r\n\t\t<div  class=\"block-a87ad9c4-55ec-4e1b-b916-5a0dea03c053 col areoi-element\">\r\n\t\t\t\r\n\t\t\t\n\n<div style=\"height:100px\" aria-hidden=\"true\" class=\"wp-block-spacer is-style-spacer-sm\"><\/div>\n\n\n\n<h6 class=\"wp-block-heading is-style-brand-font-1 has-base-font-size-font-size\">Lea m\u00e1s sobre las valoraciones de nuestros estudiantes sobre el impacto de EPACENTER, conozca a nuestros socios y vea nuestros objetivos para 2023 en nuestro informe anual m\u00e1s reciente.<\/h6>\n\n\n\n<p><\/p>\n\n\n\n<figure class=\"wp-block-image size-large\"><a href=\"https:\/\/epacenter.org\/es\/informe-anual\/\"><img decoding=\"async\" width=\"1024\" height=\"543\" src=\"https:\/\/epacenter.org\/wp-content\/uploads\/30A137E9-4C64-40EA-A357-F42BC52645DE-1024x543.jpeg\" alt=\"\" class=\"wp-image-2156\" srcset=\"https:\/\/epacenter.org\/wp-content\/uploads\/30A137E9-4C64-40EA-A357-F42BC52645DE-1024x543.jpeg 1024w, https:\/\/epacenter.org\/wp-content\/uploads\/30A137E9-4C64-40EA-A357-F42BC52645DE-300x159.jpeg 300w, https:\/\/epacenter.org\/wp-content\/uploads\/30A137E9-4C64-40EA-A357-F42BC52645DE-768x407.jpeg 768w, https:\/\/epacenter.org\/wp-content\/uploads\/30A137E9-4C64-40EA-A357-F42BC52645DE-1536x814.jpeg 1536w, https:\/\/epacenter.org\/wp-content\/uploads\/30A137E9-4C64-40EA-A357-F42BC52645DE.jpeg 1762w\" sizes=\"(max-width: 1024px) 100vw, 1024px\" \/><\/a><\/figure>\n\n\n\n<div style=\"height:32px\" aria-hidden=\"true\" class=\"wp-block-spacer is-style-spacer-sm\"><\/div>\n\n\n\n<div class=\"wp-block-buttons is-content-justification-center is-layout-flex wp-container-core-buttons-is-layout-a89b3969 wp-block-buttons-is-layout-flex\">\n<div class=\"wp-block-button\"><a class=\"wp-block-button__link wp-element-button\" href=\"https:\/\/epacenter.org\/es\/informe-anual\/\">LEA NUESTRO INFORME ANUAL<\/a><\/div>\n<\/div>\n\n \r\n\t\t\t\r\n\t\t<\/div>\r\n\t\n \r\n\t\t<\/div>\r\n\t\n \r\n\t\t<\/div>\r\n\t\n<div style=\"height:100px\" aria-hidden=\"true\" class=\"wp-block-spacer is-style-spacer-brush-blue\"><\/div>\n","protected":false},"excerpt":{"rendered":"","protected":false},"author":1,"featured_media":0,"parent":0,"menu_order":0,"comment_status":"closed","ping_status":"closed","template":"no-gap","meta":{"_acf_changed":false,"inline_featured_image":false,"_EventAllDay":false,"_EventTimezone":"","_EventStartDate":"","_EventEndDate":"","_EventStartDateUTC":"","_EventEndDateUTC":"","_EventShowMap":false,"_EventShowMapLink":false,"_EventURL":"","_EventCost":"","_EventCostDescription":"","_EventCurrencySymbol":"","_EventCurrencyCode":"","_EventCurrencyPosition":"","_EventDateTimeSeparator":"","_EventTimeRangeSeparator":"","_EventOrganizerID":[],"_EventVenueID":[],"_OrganizerEmail":"","_OrganizerPhone":"","_OrganizerWebsite":"","_VenueAddress":"","_VenueCity":"","_VenueCountry":"","_VenueProvince":"","_VenueState":"","_VenueZip":"","_VenuePhone":"","_VenueURL":"","_VenueStateProvince":"","_VenueLat":"","_VenueLng":"","_VenueShowMap":false,"_VenueShowMapLink":false,"footnotes":""},"class_list":["post-4846","page","type-page","status-publish","hentry"],"acf":[],"yoast_head":"<!-- This site is optimized with the Yoast SEO plugin v27.3 - https:\/\/yoast.com\/product\/yoast-seo-wordpress\/ -->\n<title>Nuestro impacto - EPACENTER<\/title>\n<meta name=\"robots\" content=\"index, follow, max-snippet:-1, max-image-preview:large, max-video-preview:-1\" \/>\n<link rel=\"canonical\" href=\"https:\/\/epacenter.org\/es\/nuestro-impacto\/\" \/>\n<meta property=\"og:locale\" content=\"es_ES\" \/>\n<meta property=\"og:type\" content=\"article\" \/>\n<meta property=\"og:title\" content=\"Nuestro impacto - EPACENTER\" \/>\n<meta property=\"og:url\" content=\"https:\/\/epacenter.org\/es\/nuestro-impacto\/\" \/>\n<meta property=\"og:site_name\" content=\"EPACENTER\" \/>\n<meta property=\"article:modified_time\" content=\"2024-08-30T01:45:06+00:00\" \/>\n<meta property=\"og:image\" content=\"https:\/\/epacenter.org\/wp-content\/uploads\/Our-Impact.png\" \/>\n<meta name=\"twitter:card\" content=\"summary_large_image\" \/>\n<meta name=\"twitter:label1\" content=\"Est. reading time\" \/>\n\t<meta name=\"twitter:data1\" content=\"1 minute\" \/>\n<script type=\"application\/ld+json\" class=\"yoast-schema-graph\">{\"@context\":\"https:\\\/\\\/schema.org\",\"@graph\":[{\"@type\":\"WebPage\",\"@id\":\"https:\\\/\\\/epacenter.org\\\/es\\\/nuestro-impacto\\\/\",\"url\":\"https:\\\/\\\/epacenter.org\\\/es\\\/nuestro-impacto\\\/\",\"name\":\"Nuestro impacto - EPACENTER\",\"isPartOf\":{\"@id\":\"https:\\\/\\\/epacenter.org\\\/es\\\/#website\"},\"primaryImageOfPage\":{\"@id\":\"https:\\\/\\\/epacenter.org\\\/es\\\/nuestro-impacto\\\/#primaryimage\"},\"image\":{\"@id\":\"https:\\\/\\\/epacenter.org\\\/es\\\/nuestro-impacto\\\/#primaryimage\"},\"thumbnailUrl\":\"https:\\\/\\\/epacenter.org\\\/wp-content\\\/uploads\\\/Our-Impact.png\",\"datePublished\":\"2022-05-28T22:37:03+00:00\",\"dateModified\":\"2024-08-30T01:45:06+00:00\",\"breadcrumb\":{\"@id\":\"https:\\\/\\\/epacenter.org\\\/es\\\/nuestro-impacto\\\/#breadcrumb\"},\"inLanguage\":\"es-ES\",\"potentialAction\":[{\"@type\":\"ReadAction\",\"target\":[\"https:\\\/\\\/epacenter.org\\\/es\\\/nuestro-impacto\\\/\"]}]},{\"@type\":\"ImageObject\",\"inLanguage\":\"es-ES\",\"@id\":\"https:\\\/\\\/epacenter.org\\\/es\\\/nuestro-impacto\\\/#primaryimage\",\"url\":\"https:\\\/\\\/epacenter.org\\\/wp-content\\\/uploads\\\/Our-Impact.png\",\"contentUrl\":\"https:\\\/\\\/epacenter.org\\\/wp-content\\\/uploads\\\/Our-Impact.png\"},{\"@type\":\"BreadcrumbList\",\"@id\":\"https:\\\/\\\/epacenter.org\\\/es\\\/nuestro-impacto\\\/#breadcrumb\",\"itemListElement\":[{\"@type\":\"ListItem\",\"position\":1,\"name\":\"Home\",\"item\":\"https:\\\/\\\/epacenter.org\\\/es\\\/\"},{\"@type\":\"ListItem\",\"position\":2,\"name\":\"Nuestro impacto\"}]},{\"@type\":\"WebSite\",\"@id\":\"https:\\\/\\\/epacenter.org\\\/es\\\/#website\",\"url\":\"https:\\\/\\\/epacenter.org\\\/es\\\/\",\"name\":\"EPACENTER\",\"description\":\"Amplifying the Creative Potential in Everyone\",\"potentialAction\":[{\"@type\":\"SearchAction\",\"target\":{\"@type\":\"EntryPoint\",\"urlTemplate\":\"https:\\\/\\\/epacenter.org\\\/es\\\/?s={search_term_string}\"},\"query-input\":{\"@type\":\"PropertyValueSpecification\",\"valueRequired\":true,\"valueName\":\"search_term_string\"}}],\"inLanguage\":\"es-ES\"}]}<\/script>\n<!-- \/ Yoast SEO plugin. -->","yoast_head_json":{"title":"Nuestro impacto - EPACENTER","robots":{"index":"index","follow":"follow","max-snippet":"max-snippet:-1","max-image-preview":"max-image-preview:large","max-video-preview":"max-video-preview:-1"},"canonical":"https:\/\/epacenter.org\/es\/nuestro-impacto\/","og_locale":"es_ES","og_type":"article","og_title":"Nuestro impacto - EPACENTER","og_url":"https:\/\/epacenter.org\/es\/nuestro-impacto\/","og_site_name":"EPACENTER","article_modified_time":"2024-08-30T01:45:06+00:00","og_image":[{"url":"https:\/\/epacenter.org\/wp-content\/uploads\/Our-Impact.png","type":"","width":"","height":""}],"twitter_card":"summary_large_image","twitter_misc":{"Est. reading time":"1 minute"},"schema":{"@context":"https:\/\/schema.org","@graph":[{"@type":"WebPage","@id":"https:\/\/epacenter.org\/es\/nuestro-impacto\/","url":"https:\/\/epacenter.org\/es\/nuestro-impacto\/","name":"Nuestro impacto - EPACENTER","isPartOf":{"@id":"https:\/\/epacenter.org\/es\/#website"},"primaryImageOfPage":{"@id":"https:\/\/epacenter.org\/es\/nuestro-impacto\/#primaryimage"},"image":{"@id":"https:\/\/epacenter.org\/es\/nuestro-impacto\/#primaryimage"},"thumbnailUrl":"https:\/\/epacenter.org\/wp-content\/uploads\/Our-Impact.png","datePublished":"2022-05-28T22:37:03+00:00","dateModified":"2024-08-30T01:45:06+00:00","breadcrumb":{"@id":"https:\/\/epacenter.org\/es\/nuestro-impacto\/#breadcrumb"},"inLanguage":"es-ES","potentialAction":[{"@type":"ReadAction","target":["https:\/\/epacenter.org\/es\/nuestro-impacto\/"]}]},{"@type":"ImageObject","inLanguage":"es-ES","@id":"https:\/\/epacenter.org\/es\/nuestro-impacto\/#primaryimage","url":"https:\/\/epacenter.org\/wp-content\/uploads\/Our-Impact.png","contentUrl":"https:\/\/epacenter.org\/wp-content\/uploads\/Our-Impact.png"},{"@type":"BreadcrumbList","@id":"https:\/\/epacenter.org\/es\/nuestro-impacto\/#breadcrumb","itemListElement":[{"@type":"ListItem","position":1,"name":"Home","item":"https:\/\/epacenter.org\/es\/"},{"@type":"ListItem","position":2,"name":"Nuestro impacto"}]},{"@type":"WebSite","@id":"https:\/\/epacenter.org\/es\/#website","url":"https:\/\/epacenter.org\/es\/","name":"EPACENTER","description":"Amplifying the Creative Potential in Everyone","potentialAction":[{"@type":"SearchAction","target":{"@type":"EntryPoint","urlTemplate":"https:\/\/epacenter.org\/es\/?s={search_term_string}"},"query-input":{"@type":"PropertyValueSpecification","valueRequired":true,"valueName":"search_term_string"}}],"inLanguage":"es-ES"}]}},"_links":{"self":[{"href":"https:\/\/epacenter.org\/es\/wp-json\/wp\/v2\/pages\/4846","targetHints":{"allow":["GET"]}}],"collection":[{"href":"https:\/\/epacenter.org\/es\/wp-json\/wp\/v2\/pages"}],"about":[{"href":"https:\/\/epacenter.org\/es\/wp-json\/wp\/v2\/types\/page"}],"author":[{"embeddable":true,"href":"https:\/\/epacenter.org\/es\/wp-json\/wp\/v2\/users\/1"}],"replies":[{"embeddable":true,"href":"https:\/\/epacenter.org\/es\/wp-json\/wp\/v2\/comments?post=4846"}],"version-history":[{"count":2,"href":"https:\/\/epacenter.org\/es\/wp-json\/wp\/v2\/pages\/4846\/revisions"}],"predecessor-version":[{"id":5675,"href":"https:\/\/epacenter.org\/es\/wp-json\/wp\/v2\/pages\/4846\/revisions\/5675"}],"wp:attachment":[{"href":"https:\/\/epacenter.org\/es\/wp-json\/wp\/v2\/media?parent=4846"}],"curies":[{"name":"wp","href":"https:\/\/api.w.org\/{rel}","templated":true}]}}