{"id":4842,"date":"2022-05-28T22:38:12","date_gmt":"2022-05-28T22:38:12","guid":{"rendered":"https:\/\/epacenter.org\/reciba-las-ultimas-noticias-de-epacenter-en-su-buzon-de-entrada\/"},"modified":"2024-04-12T21:39:40","modified_gmt":"2024-04-12T21:39:40","slug":"reciba-las-ultimas-noticias-de-epacenter-en-su-buzon-de-entrada","status":"publish","type":"page","link":"https:\/\/epacenter.org\/es\/reciba-las-ultimas-noticias-de-epacenter-en-su-buzon-de-entrada\/","title":{"rendered":"Reciba las \u00faltimas noticias de EPACENTER en su buz\u00f3n de entrada"},"content":{"rendered":"\n<p class=\"is-style-default\">El bolet\u00edn mensual de EPACENTER muestra c\u00f3mo estamos remodelando East Palo Alto contando historias de j\u00f3venes y familias, adem\u00e1s de ofrecer cobertura de nuestros clubes, clases y pr\u00e1cticas actuales.<\/p>\n\n<p class=\"is-style-default\"><strong>Nuestro bolet\u00edn es perfecto para los miembros de la comunidad que quieran estar al d\u00eda de nuestros \u00faltimos acontecimientos y noticias. Inscr\u00edbase hoy y est\u00e9 al tanto de todo lo relacionado con EPACENTER.<\/strong><\/p>\n","protected":false},"excerpt":{"rendered":"<p>El bolet\u00edn mensual de EPACENTER muestra c\u00f3mo estamos remodelando East Palo Alto contando historias de j\u00f3venes y familias, adem\u00e1s de ofrecer cobertura de nuestros clubes, clases y pr\u00e1cticas actuales. Nuestro [&hellip;]<\/p>\n","protected":false},"author":1,"featured_media":0,"parent":0,"menu_order":0,"comment_status":"closed","ping_status":"closed","template":"","meta":{"_acf_changed":false,"inline_featured_image":false,"_EventAllDay":false,"_EventTimezone":"","_EventStartDate":"","_EventEndDate":"","_EventStartDateUTC":"","_EventEndDateUTC":"","_EventShowMap":false,"_EventShowMapLink":false,"_EventURL":"","_EventCost":"","_EventCostDescription":"","_EventCurrencySymbol":"","_EventCurrencyCode":"","_EventCurrencyPosition":"","_EventDateTimeSeparator":"","_EventTimeRangeSeparator":"","_EventOrganizerID":[],"_EventVenueID":[],"_OrganizerEmail":"","_OrganizerPhone":"","_OrganizerWebsite":"","_VenueAddress":"","_VenueCity":"","_VenueCountry":"","_VenueProvince":"","_VenueState":"","_VenueZip":"","_VenuePhone":"","_VenueURL":"","_VenueStateProvince":"","_VenueLat":"","_VenueLng":"","_VenueShowMap":false,"_VenueShowMapLink":false,"footnotes":""},"class_list":["post-4842","page","type-page","status-publish","hentry"],"acf":[],"yoast_head":"<!-- This site is optimized with the Yoast SEO plugin v27.2 - https:\/\/yoast.com\/product\/yoast-seo-wordpress\/ -->\n<title>Reciba las \u00faltimas noticias de EPACENTER en su buz\u00f3n de entrada - EPACENTER<\/title>\n<meta name=\"robots\" content=\"index, follow, max-snippet:-1, max-image-preview:large, max-video-preview:-1\" \/>\n<link rel=\"canonical\" href=\"https:\/\/epacenter.org\/es\/reciba-las-ultimas-noticias-de-epacenter-en-su-buzon-de-entrada\/\" \/>\n<meta property=\"og:locale\" content=\"es_ES\" \/>\n<meta property=\"og:type\" content=\"article\" \/>\n<meta property=\"og:title\" content=\"Reciba las \u00faltimas noticias de EPACENTER en su buz\u00f3n de entrada - EPACENTER\" \/>\n<meta property=\"og:description\" content=\"El bolet\u00edn mensual de EPACENTER muestra c\u00f3mo estamos remodelando East Palo Alto contando historias de j\u00f3venes y familias, adem\u00e1s de ofrecer cobertura de nuestros clubes, clases y pr\u00e1cticas actuales. Nuestro [&hellip;]\" \/>\n<meta property=\"og:url\" content=\"https:\/\/epacenter.org\/es\/reciba-las-ultimas-noticias-de-epacenter-en-su-buzon-de-entrada\/\" \/>\n<meta property=\"og:site_name\" content=\"EPACENTER\" \/>\n<meta property=\"article:modified_time\" content=\"2024-04-12T21:39:40+00:00\" \/>\n<meta name=\"twitter:card\" content=\"summary_large_image\" \/>\n<script type=\"application\/ld+json\" class=\"yoast-schema-graph\">{\"@context\":\"https:\/\/schema.org\",\"@graph\":[{\"@type\":\"WebPage\",\"@id\":\"https:\/\/epacenter.org\/es\/reciba-las-ultimas-noticias-de-epacenter-en-su-buzon-de-entrada\/\",\"url\":\"https:\/\/epacenter.org\/es\/reciba-las-ultimas-noticias-de-epacenter-en-su-buzon-de-entrada\/\",\"name\":\"Reciba las \u00faltimas noticias de EPACENTER en su buz\u00f3n de entrada - EPACENTER\",\"isPartOf\":{\"@id\":\"https:\/\/epacenter.org\/es\/#website\"},\"datePublished\":\"2022-05-28T22:38:12+00:00\",\"dateModified\":\"2024-04-12T21:39:40+00:00\",\"breadcrumb\":{\"@id\":\"https:\/\/epacenter.org\/es\/reciba-las-ultimas-noticias-de-epacenter-en-su-buzon-de-entrada\/#breadcrumb\"},\"inLanguage\":\"es-ES\",\"potentialAction\":[{\"@type\":\"ReadAction\",\"target\":[\"https:\/\/epacenter.org\/es\/reciba-las-ultimas-noticias-de-epacenter-en-su-buzon-de-entrada\/\"]}]},{\"@type\":\"BreadcrumbList\",\"@id\":\"https:\/\/epacenter.org\/es\/reciba-las-ultimas-noticias-de-epacenter-en-su-buzon-de-entrada\/#breadcrumb\",\"itemListElement\":[{\"@type\":\"ListItem\",\"position\":1,\"name\":\"Home\",\"item\":\"https:\/\/epacenter.org\/es\/\"},{\"@type\":\"ListItem\",\"position\":2,\"name\":\"Reciba las \u00faltimas noticias de EPACENTER en su buz\u00f3n de entrada\"}]},{\"@type\":\"WebSite\",\"@id\":\"https:\/\/epacenter.org\/es\/#website\",\"url\":\"https:\/\/epacenter.org\/es\/\",\"name\":\"EPACENTER\",\"description\":\"Amplifying the Creative Potential in Everyone\",\"potentialAction\":[{\"@type\":\"SearchAction\",\"target\":{\"@type\":\"EntryPoint\",\"urlTemplate\":\"https:\/\/epacenter.org\/es\/?s={search_term_string}\"},\"query-input\":{\"@type\":\"PropertyValueSpecification\",\"valueRequired\":true,\"valueName\":\"search_term_string\"}}],\"inLanguage\":\"es-ES\"}]}<\/script>\n<!-- \/ Yoast SEO plugin. -->","yoast_head_json":{"title":"Reciba las \u00faltimas noticias de EPACENTER en su buz\u00f3n de entrada - EPACENTER","robots":{"index":"index","follow":"follow","max-snippet":"max-snippet:-1","max-image-preview":"max-image-preview:large","max-video-preview":"max-video-preview:-1"},"canonical":"https:\/\/epacenter.org\/es\/reciba-las-ultimas-noticias-de-epacenter-en-su-buzon-de-entrada\/","og_locale":"es_ES","og_type":"article","og_title":"Reciba las \u00faltimas noticias de EPACENTER en su buz\u00f3n de entrada - EPACENTER","og_description":"El bolet\u00edn mensual de EPACENTER muestra c\u00f3mo estamos remodelando East Palo Alto contando historias de j\u00f3venes y familias, adem\u00e1s de ofrecer cobertura de nuestros clubes, clases y pr\u00e1cticas actuales. Nuestro [&hellip;]","og_url":"https:\/\/epacenter.org\/es\/reciba-las-ultimas-noticias-de-epacenter-en-su-buzon-de-entrada\/","og_site_name":"EPACENTER","article_modified_time":"2024-04-12T21:39:40+00:00","twitter_card":"summary_large_image","schema":{"@context":"https:\/\/schema.org","@graph":[{"@type":"WebPage","@id":"https:\/\/epacenter.org\/es\/reciba-las-ultimas-noticias-de-epacenter-en-su-buzon-de-entrada\/","url":"https:\/\/epacenter.org\/es\/reciba-las-ultimas-noticias-de-epacenter-en-su-buzon-de-entrada\/","name":"Reciba las \u00faltimas noticias de EPACENTER en su buz\u00f3n de entrada - EPACENTER","isPartOf":{"@id":"https:\/\/epacenter.org\/es\/#website"},"datePublished":"2022-05-28T22:38:12+00:00","dateModified":"2024-04-12T21:39:40+00:00","breadcrumb":{"@id":"https:\/\/epacenter.org\/es\/reciba-las-ultimas-noticias-de-epacenter-en-su-buzon-de-entrada\/#breadcrumb"},"inLanguage":"es-ES","potentialAction":[{"@type":"ReadAction","target":["https:\/\/epacenter.org\/es\/reciba-las-ultimas-noticias-de-epacenter-en-su-buzon-de-entrada\/"]}]},{"@type":"BreadcrumbList","@id":"https:\/\/epacenter.org\/es\/reciba-las-ultimas-noticias-de-epacenter-en-su-buzon-de-entrada\/#breadcrumb","itemListElement":[{"@type":"ListItem","position":1,"name":"Home","item":"https:\/\/epacenter.org\/es\/"},{"@type":"ListItem","position":2,"name":"Reciba las \u00faltimas noticias de EPACENTER en su buz\u00f3n de entrada"}]},{"@type":"WebSite","@id":"https:\/\/epacenter.org\/es\/#website","url":"https:\/\/epacenter.org\/es\/","name":"EPACENTER","description":"Amplifying the Creative Potential in Everyone","potentialAction":[{"@type":"SearchAction","target":{"@type":"EntryPoint","urlTemplate":"https:\/\/epacenter.org\/es\/?s={search_term_string}"},"query-input":{"@type":"PropertyValueSpecification","valueRequired":true,"valueName":"search_term_string"}}],"inLanguage":"es-ES"}]}},"_links":{"self":[{"href":"https:\/\/epacenter.org\/es\/wp-json\/wp\/v2\/pages\/4842","targetHints":{"allow":["GET"]}}],"collection":[{"href":"https:\/\/epacenter.org\/es\/wp-json\/wp\/v2\/pages"}],"about":[{"href":"https:\/\/epacenter.org\/es\/wp-json\/wp\/v2\/types\/page"}],"author":[{"embeddable":true,"href":"https:\/\/epacenter.org\/es\/wp-json\/wp\/v2\/users\/1"}],"replies":[{"embeddable":true,"href":"https:\/\/epacenter.org\/es\/wp-json\/wp\/v2\/comments?post=4842"}],"version-history":[{"count":1,"href":"https:\/\/epacenter.org\/es\/wp-json\/wp\/v2\/pages\/4842\/revisions"}],"predecessor-version":[{"id":4843,"href":"https:\/\/epacenter.org\/es\/wp-json\/wp\/v2\/pages\/4842\/revisions\/4843"}],"wp:attachment":[{"href":"https:\/\/epacenter.org\/es\/wp-json\/wp\/v2\/media?parent=4842"}],"curies":[{"name":"wp","href":"https:\/\/api.w.org\/{rel}","templated":true}]}}