{"id":4813,"date":"2022-05-30T00:49:45","date_gmt":"2022-05-30T00:49:45","guid":{"rendered":"https:\/\/epacenter.org\/quienes-somos\/nuestra-historia\/"},"modified":"2024-08-30T22:28:25","modified_gmt":"2024-08-30T22:28:25","slug":"nuestra-historia","status":"publish","type":"page","link":"https:\/\/epacenter.org\/es\/quienes-somos\/nuestra-historia\/","title":{"rendered":"Nuestra historia"},"content":{"rendered":"\n<div class=\"wp-block-cover alignfull is-light align-items-end\"><span aria-hidden=\"true\" class=\"wp-block-cover__background has-background-dim-0 has-background-dim\"><\/span><img fetchpriority=\"high\" decoding=\"async\" width=\"1920\" height=\"1080\" class=\"wp-block-cover__image-background wp-image-4475\" alt=\"\" src=\"https:\/\/epacenter.org\/wp-content\/uploads\/Our-History-1.png\" style=\"object-position:52% 42%\" data-object-fit=\"cover\" data-object-position=\"52% 42%\" srcset=\"https:\/\/epacenter.org\/wp-content\/uploads\/Our-History-1.png 1920w, https:\/\/epacenter.org\/wp-content\/uploads\/Our-History-1-300x169.png 300w, https:\/\/epacenter.org\/wp-content\/uploads\/Our-History-1-1024x576.png 1024w, https:\/\/epacenter.org\/wp-content\/uploads\/Our-History-1-768x432.png 768w, https:\/\/epacenter.org\/wp-content\/uploads\/Our-History-1-1536x864.png 1536w\" sizes=\"(max-width: 1920px) 100vw, 1920px\" \/><div class=\"wp-block-cover__inner-container is-layout-flow wp-block-cover-is-layout-flow\">\r\n\t\t<div  class=\"block-0c689a4b-3637-4c78-999c-da560815feb2 areoi-element container is-style-mw-xl\">\r\n\t\t\t\r\n\t\t\t\n\r\n\t\t<div  class=\"block-636368f8-1817-485f-b142-4bb3187c642e row areoi-element\">\r\n\t\t\t\r\n\r\n\t\t\t\n\r\n\t\t<div  class=\"block-4384b625-a011-4520-a653-4a3874de839d col areoi-element\">\r\n\t\t\t\r\n\t\t\t\n\n<h1 class=\"wp-block-heading alignwide has-text-align-right is-style-hero-head\">NUESTRA HISTORIA<\/h1>\n\n \r\n\t\t\t\r\n\t\t<\/div>\r\n\t\n \r\n\t\t<\/div>\r\n\t\n \r\n\t\t<\/div>\r\n\t<\/div><\/div>\n\r\n\t\t<div  class=\"block-266535c0-cd0c-4eca-9cd7-04c04ba0c384 areoi-strip areoi-element strip alignfull\">\r\n\t\t\t\r\n\t\t\t\n\r\n\t\t<div  class=\"block-12d3acd9-1e27-4191-bd76-529ca079ab50 areoi-element container is-style-mw-xxl\">\r\n\t\t\t\r\n\t\t\t\n\r\n\t\t<div  class=\"block-468267e5-ce82-4f95-a457-822a673aaf2e row areoi-element\">\r\n\t\t\t\r\n\r\n\t\t\t\n\r\n\t\t<div  class=\"block-69f1fc4d-c2f4-4af4-8ef1-5dff7f2c6531 col areoi-element\">\r\n\t\t\t\r\n\t\t\t\n<nav style=\"font-style:normal;font-weight:700;text-transform:uppercase;\" class=\"has-text-color has-brand-color-08-color items-justified-space-between wp-block-navigation is-content-justification-space-between is-layout-flex wp-container-core-navigation-is-layout-b2891da8 wp-block-navigation-is-layout-flex\" aria-label=\"About Sub-Nav 2\"><ul style=\"font-style:normal;font-weight:700;text-transform:uppercase;\" class=\"wp-block-navigation__container has-text-color has-brand-color-08-color items-justified-space-between wp-block-navigation\"><li class=\" wp-block-navigation-item wp-block-navigation-link\"><a class=\"wp-block-navigation-item__content\"  href=\"https:\/\/epacenter.org\/es\/quienes-somos\/\"><span class=\"wp-block-navigation-item__label\">Qui\u00e9nes somos<\/span><\/a><\/li><li class=\" wp-block-navigation-item wp-block-navigation-link\"><a class=\"wp-block-navigation-item__content\"  href=\"https:\/\/epacenter.org\/es\/quienes-somos\/nuestra-historia\/\"><span class=\"wp-block-navigation-item__label\">Nuestra historia<\/span><\/a><\/li><li class=\" wp-block-navigation-item wp-block-navigation-link\"><a class=\"wp-block-navigation-item__content\"  href=\"https:\/\/epacenter.org\/es\/quienes-somos\/nuestro-personal\/\"><span class=\"wp-block-navigation-item__label\">Nuestra Gente<\/span><\/a><\/li><li class=\" wp-block-navigation-item wp-block-navigation-link\"><a class=\"wp-block-navigation-item__content\"  href=\"https:\/\/epacenter.org\/es\/quienes-somos\/trabajar-en-epacenter\/\"><span class=\"wp-block-navigation-item__label\">Trabaja en EPACENTER<\/span><\/a><\/li><li class=\" wp-block-navigation-item wp-block-navigation-link\"><a class=\"wp-block-navigation-item__content\"  href=\"https:\/\/epacenter.org\/es\/quienes-somos\/preguntas-frecuentes\/\"><span class=\"wp-block-navigation-item__label\">Preguntas M\u00e1s Frecuentes<\/span><\/a><\/li><li class=\" wp-block-navigation-item wp-block-navigation-link\"><a class=\"wp-block-navigation-item__content\"  href=\"https:\/\/epacenter.org\/es\/quienes-somos\/pongase-en-contacto-con-nosotros\/\"><span class=\"wp-block-navigation-item__label\">P\u00f3ngase en contacto con nosotros<\/span><\/a><\/li><\/ul><\/nav>\n \r\n\t\t\t\r\n\t\t<\/div>\r\n\t\n \r\n\t\t<\/div>\r\n\t\n \r\n\t\t<\/div>\r\n\t\n\n\r\n\t\t<div  class=\"block-745f3757-c0d2-41aa-af5e-5a852c7a375d areoi-element container is-style-mw-lg\">\r\n\t\t\t\r\n\t\t\t\n\r\n\t\t<div  class=\"block-7022250d-8b74-4dcf-9864-3c13b530f998 row areoi-element\">\r\n\t\t\t\r\n\r\n\t\t\t\n\r\n\t\t<div  class=\"block-c06389a4-b5cf-4054-beb7-7a15ddabdfc7 col areoi-element\">\r\n\t\t\t\r\n\t\t\t\n\n<div style=\"height:100px\" aria-hidden=\"true\" class=\"wp-block-spacer is-style-spacer-brush-green\"><\/div>\n\n \r\n\t\t\t\r\n\t\t<\/div>\r\n\t\n \r\n\t\t<\/div>\r\n\t\n \r\n\t\t<\/div>\r\n\t\n\n\r\n\t\t<div  class=\"block-c7e447f1-25a3-4634-9663-01999a6ab2ab areoi-element container is-style-mw-md\">\r\n\t\t\t\r\n\t\t\t\n\r\n\t\t<div  class=\"block-d549c9b4-137a-4b86-b675-56fb9d3fc54f row areoi-element\">\r\n\t\t\t\r\n\r\n\t\t\t\n\r\n\t\t<div  class=\"block-c536ffab-a22a-41ca-9e67-2657be2fcebd col areoi-element\">\r\n\t\t\t\r\n\t\t\t\n\n<h2 class=\"wp-block-heading is-style-section-head\">NUESTRA HISTORIA<\/h2>\n\n\n\n<p>La creaci\u00f3n de EPACENTER comenz\u00f3 en el a\u00f1o 2010 con Marcia y John Goldman, quienes deseaban promover cambios positivos en la comunidad de East Palo Alto. En lugar de asumir que sab\u00edan las respuestas, decidieron escuchar a los j\u00f3venes de la ciudad y darles la oportunidad de resolver problemas de una manera creativa.<\/p>\n\n\n\n<p>A partir del 2010, estos j\u00f3venes, organizados en un Comit\u00e9 de Acci\u00f3n Juvenil, colaboraron con el John Gardner Center for Youth and their Communities (\u201cCentro John Gardner para la juventud y sus comunidades\u201d) de la Universidad de Stanford para descubrir qu\u00e9 es lo que la juventud quer\u00eda. Durante dos a\u00f1os los j\u00f3venes llevaron a cabo encuestas comunitarias, grupos de discusi\u00f3n, estudios de viabilidad y sondeos p\u00fablicos, llegando a la conclusi\u00f3n de que un nuevo centro de artes, dise\u00f1o y tecnolog\u00eda en un emplazamiento geogr\u00e1ficamente neutro aportar\u00eda importantes beneficios a los j\u00f3venes, sus familias y la comunidad de East Palo Alto en general.<\/p>\n\n\n\n<p>Siguiendo las recomendaciones de los j\u00f3venes, en el a\u00f1o 2015 la John  Marcia Goldman Foundation adquiri\u00f3 los terrenos y se cre\u00f3 la organizaci\u00f3n sin fines de lucro EPACENTER. Del 2015 al 2017, los j\u00f3venes y los miembros de la comunidad crearon grupos de trabajo para la toma de decisiones arquitect\u00f3nicas, charretes de dise\u00f1o, desarrollo de programas y selecci\u00f3n de directiva, llegando incluso a elegir el nombre de nuestra organizaci\u00f3n.<\/p>\n\n\n\n<p>Durante la pandemia de la COVID-19, los j\u00f3venes de East Palo Alto expresaron c\u00f3mo sus vidas se hab\u00edan visto afectadas por la crisis de salud p\u00fablica y c\u00f3mo EPACENTER pod\u00eda satisfacer mejor sus necesidades. Los j\u00f3venes afirmaron que las disparidades sanitarias, la injusticia racial y la crisis econ\u00f3mica ahora les afectaban de forma desproporcionada, incluso m\u00e1s que antes de la pandemia y las protestas. Ellos pidieron que EPACENTER siguiera centr\u00e1ndose en la creatividad, a la vez enfrentando los desaf\u00edos econ\u00f3micos a los que los j\u00f3venes se enfrentan. Consecuentemente, EPACENTER ampli\u00f3 su misi\u00f3n m\u00e1s all\u00e1 de las clases de educaci\u00f3n art\u00edstica para incluir formaci\u00f3n laboral y programas de desarrollo socio-emocional.<\/p>\n\n\n\n<p>El desarrollo de EPACENTER, incluyendo el dise\u00f1o de instalaciones, programas, pruebas y misi\u00f3n de la organizaci\u00f3n, es el resultado de un enfoque deliberante e iterativo que involucr\u00f3 a la juventud local de East Palo Alto en cada una de sus fases.<\/p>\n\n \r\n\t\t\t\r\n\t\t<\/div>\r\n\t\n \r\n\t\t<\/div>\r\n\t\n \r\n\t\t<\/div>\r\n\t\n\n\r\n\t\t<div  class=\"block-fbb7361d-6f43-4750-af10-8daf14296e5e areoi-element container is-style-mw-md\">\r\n\t\t\t\r\n\t\t\t\n\r\n\t\t<div  class=\"block-022d42ac-7e31-499e-a048-ed358344d73b row areoi-element\">\r\n\t\t\t\r\n\r\n\t\t\t\n\r\n\t\t<div  class=\"block-39c0a942-7a8e-4635-9332-64d80f323e0f col areoi-element\">\r\n\t\t\t\r\n\t\t\t\n\n<h2 class=\"wp-block-heading is-style-section-head\">NUESTRO PRINCIPAL SOCIO FILANTR\u00d3PICO<\/h2>\n\n\n\n<p>La <a href=\"https:\/\/jmgoldmanfoundation.org\/\">John Marcia Goldman Foundation<\/a> (Fundaci\u00f3n John y Marcia Goldman o JMGF) es una organizaci\u00f3n filantr\u00f3pica visionaria y pr\u00e1ctica que, entre otras prioridades, brinda recursos para el desarrollo art\u00edstico de la juventud.<\/p>\n\n\n\n<p>Para la JMGF, EPACENTER abarca muchas de sus prioridades literalmente bajo un mismo techo: apoyar a los j\u00f3venes, hacer m\u00e1s accesibles y disponibles las artes, demostrar los beneficios de gran alcance de la creatividad \u2012desde el \u00e9xito acad\u00e9mico hasta las habilidades laborales, pasando por la resiliencia emocional\u2012 y buscar e invertir en soluciones generadas por la comunidad.<\/p>\n\n\n\n<div class=\"wp-block-columns is-layout-flex wp-container-core-columns-is-layout-28f84493 wp-block-columns-is-layout-flex\">\n<div class=\"wp-block-column is-layout-flow wp-block-column-is-layout-flow\" style=\"flex-basis:100%\">\n<figure class=\"wp-block-image aligncenter size-full is-resized has-custom-border\"><img decoding=\"async\" width=\"960\" height=\"540\" src=\"https:\/\/epacenter.org\/wp-content\/uploads\/62C1DB34-5D1C-4B36-8ED8-43AB9866CC58.jpeg\" alt=\"\" class=\"wp-image-2077\" style=\"border-radius:0px;width:480px;height:270px\" srcset=\"https:\/\/epacenter.org\/wp-content\/uploads\/62C1DB34-5D1C-4B36-8ED8-43AB9866CC58.jpeg 960w, https:\/\/epacenter.org\/wp-content\/uploads\/62C1DB34-5D1C-4B36-8ED8-43AB9866CC58-300x169.jpeg 300w, https:\/\/epacenter.org\/wp-content\/uploads\/62C1DB34-5D1C-4B36-8ED8-43AB9866CC58-768x432.jpeg 768w\" sizes=\"(max-width: 960px) 100vw, 960px\" \/><\/figure>\n<\/div>\n<\/div>\n\n \r\n\t\t\t\r\n\t\t<\/div>\r\n\t\n \r\n\t\t<\/div>\r\n\t\n \r\n\t\t<\/div>\r\n\t\n \r\n\t\t<\/div>\r\n\t","protected":false},"excerpt":{"rendered":"","protected":false},"author":1,"featured_media":0,"parent":4807,"menu_order":1,"comment_status":"closed","ping_status":"closed","template":"no-gap","meta":{"_acf_changed":false,"inline_featured_image":false,"_EventAllDay":false,"_EventTimezone":"","_EventStartDate":"","_EventEndDate":"","_EventStartDateUTC":"","_EventEndDateUTC":"","_EventShowMap":false,"_EventShowMapLink":false,"_EventURL":"","_EventCost":"","_EventCostDescription":"","_EventCurrencySymbol":"","_EventCurrencyCode":"","_EventCurrencyPosition":"","_EventDateTimeSeparator":"","_EventTimeRangeSeparator":"","_EventOrganizerID":[],"_EventVenueID":[],"_OrganizerEmail":"","_OrganizerPhone":"","_OrganizerWebsite":"","_VenueAddress":"","_VenueCity":"","_VenueCountry":"","_VenueProvince":"","_VenueState":"","_VenueZip":"","_VenuePhone":"","_VenueURL":"","_VenueStateProvince":"","_VenueLat":"","_VenueLng":"","_VenueShowMap":false,"_VenueShowMapLink":false,"footnotes":""},"class_list":["post-4813","page","type-page","status-publish","hentry"],"acf":[],"yoast_head":"<!-- This site is optimized with the Yoast SEO plugin v27.5 - https:\/\/yoast.com\/product\/yoast-seo-wordpress\/ -->\n<title>Nuestra historia - EPACENTER<\/title>\n<meta name=\"robots\" content=\"index, follow, max-snippet:-1, max-image-preview:large, max-video-preview:-1\" \/>\n<link rel=\"canonical\" href=\"https:\/\/epacenter.org\/es\/quienes-somos\/nuestra-historia\/\" \/>\n<meta property=\"og:locale\" content=\"es_ES\" \/>\n<meta property=\"og:type\" content=\"article\" \/>\n<meta property=\"og:title\" content=\"Nuestra historia - EPACENTER\" \/>\n<meta property=\"og:url\" content=\"https:\/\/epacenter.org\/es\/quienes-somos\/nuestra-historia\/\" \/>\n<meta property=\"og:site_name\" content=\"EPACENTER\" \/>\n<meta property=\"article:modified_time\" content=\"2024-08-30T22:28:25+00:00\" \/>\n<meta property=\"og:image\" content=\"https:\/\/epacenter.org\/wp-content\/uploads\/Our-History-1.png\" \/>\n<meta name=\"twitter:card\" content=\"summary_large_image\" \/>\n<meta name=\"twitter:label1\" content=\"Est. reading time\" \/>\n\t<meta name=\"twitter:data1\" content=\"3 minutes\" \/>\n<script type=\"application\/ld+json\" class=\"yoast-schema-graph\">{\"@context\":\"https:\\\/\\\/schema.org\",\"@graph\":[{\"@type\":\"WebPage\",\"@id\":\"https:\\\/\\\/epacenter.org\\\/es\\\/quienes-somos\\\/nuestra-historia\\\/\",\"url\":\"https:\\\/\\\/epacenter.org\\\/es\\\/quienes-somos\\\/nuestra-historia\\\/\",\"name\":\"Nuestra historia - EPACENTER\",\"isPartOf\":{\"@id\":\"https:\\\/\\\/epacenter.org\\\/es\\\/#website\"},\"primaryImageOfPage\":{\"@id\":\"https:\\\/\\\/epacenter.org\\\/es\\\/quienes-somos\\\/nuestra-historia\\\/#primaryimage\"},\"image\":{\"@id\":\"https:\\\/\\\/epacenter.org\\\/es\\\/quienes-somos\\\/nuestra-historia\\\/#primaryimage\"},\"thumbnailUrl\":\"https:\\\/\\\/epacenter.org\\\/wp-content\\\/uploads\\\/Our-History-1.png\",\"datePublished\":\"2022-05-30T00:49:45+00:00\",\"dateModified\":\"2024-08-30T22:28:25+00:00\",\"breadcrumb\":{\"@id\":\"https:\\\/\\\/epacenter.org\\\/es\\\/quienes-somos\\\/nuestra-historia\\\/#breadcrumb\"},\"inLanguage\":\"es-ES\",\"potentialAction\":[{\"@type\":\"ReadAction\",\"target\":[\"https:\\\/\\\/epacenter.org\\\/es\\\/quienes-somos\\\/nuestra-historia\\\/\"]}]},{\"@type\":\"ImageObject\",\"inLanguage\":\"es-ES\",\"@id\":\"https:\\\/\\\/epacenter.org\\\/es\\\/quienes-somos\\\/nuestra-historia\\\/#primaryimage\",\"url\":\"https:\\\/\\\/epacenter.org\\\/wp-content\\\/uploads\\\/Our-History-1.png\",\"contentUrl\":\"https:\\\/\\\/epacenter.org\\\/wp-content\\\/uploads\\\/Our-History-1.png\"},{\"@type\":\"BreadcrumbList\",\"@id\":\"https:\\\/\\\/epacenter.org\\\/es\\\/quienes-somos\\\/nuestra-historia\\\/#breadcrumb\",\"itemListElement\":[{\"@type\":\"ListItem\",\"position\":1,\"name\":\"Home\",\"item\":\"https:\\\/\\\/epacenter.org\\\/es\\\/\"},{\"@type\":\"ListItem\",\"position\":2,\"name\":\"Qui\u00e9nes somos\",\"item\":\"https:\\\/\\\/epacenter.org\\\/es\\\/quienes-somos\\\/\"},{\"@type\":\"ListItem\",\"position\":3,\"name\":\"Nuestra historia\"}]},{\"@type\":\"WebSite\",\"@id\":\"https:\\\/\\\/epacenter.org\\\/es\\\/#website\",\"url\":\"https:\\\/\\\/epacenter.org\\\/es\\\/\",\"name\":\"EPACENTER\",\"description\":\"Amplifying the Creative Potential in Everyone\",\"potentialAction\":[{\"@type\":\"SearchAction\",\"target\":{\"@type\":\"EntryPoint\",\"urlTemplate\":\"https:\\\/\\\/epacenter.org\\\/es\\\/?s={search_term_string}\"},\"query-input\":{\"@type\":\"PropertyValueSpecification\",\"valueRequired\":true,\"valueName\":\"search_term_string\"}}],\"inLanguage\":\"es-ES\"}]}<\/script>\n<!-- \/ Yoast SEO plugin. -->","yoast_head_json":{"title":"Nuestra historia - EPACENTER","robots":{"index":"index","follow":"follow","max-snippet":"max-snippet:-1","max-image-preview":"max-image-preview:large","max-video-preview":"max-video-preview:-1"},"canonical":"https:\/\/epacenter.org\/es\/quienes-somos\/nuestra-historia\/","og_locale":"es_ES","og_type":"article","og_title":"Nuestra historia - EPACENTER","og_url":"https:\/\/epacenter.org\/es\/quienes-somos\/nuestra-historia\/","og_site_name":"EPACENTER","article_modified_time":"2024-08-30T22:28:25+00:00","og_image":[{"url":"https:\/\/epacenter.org\/wp-content\/uploads\/Our-History-1.png","type":"","width":"","height":""}],"twitter_card":"summary_large_image","twitter_misc":{"Est. reading time":"3 minutes"},"schema":{"@context":"https:\/\/schema.org","@graph":[{"@type":"WebPage","@id":"https:\/\/epacenter.org\/es\/quienes-somos\/nuestra-historia\/","url":"https:\/\/epacenter.org\/es\/quienes-somos\/nuestra-historia\/","name":"Nuestra historia - EPACENTER","isPartOf":{"@id":"https:\/\/epacenter.org\/es\/#website"},"primaryImageOfPage":{"@id":"https:\/\/epacenter.org\/es\/quienes-somos\/nuestra-historia\/#primaryimage"},"image":{"@id":"https:\/\/epacenter.org\/es\/quienes-somos\/nuestra-historia\/#primaryimage"},"thumbnailUrl":"https:\/\/epacenter.org\/wp-content\/uploads\/Our-History-1.png","datePublished":"2022-05-30T00:49:45+00:00","dateModified":"2024-08-30T22:28:25+00:00","breadcrumb":{"@id":"https:\/\/epacenter.org\/es\/quienes-somos\/nuestra-historia\/#breadcrumb"},"inLanguage":"es-ES","potentialAction":[{"@type":"ReadAction","target":["https:\/\/epacenter.org\/es\/quienes-somos\/nuestra-historia\/"]}]},{"@type":"ImageObject","inLanguage":"es-ES","@id":"https:\/\/epacenter.org\/es\/quienes-somos\/nuestra-historia\/#primaryimage","url":"https:\/\/epacenter.org\/wp-content\/uploads\/Our-History-1.png","contentUrl":"https:\/\/epacenter.org\/wp-content\/uploads\/Our-History-1.png"},{"@type":"BreadcrumbList","@id":"https:\/\/epacenter.org\/es\/quienes-somos\/nuestra-historia\/#breadcrumb","itemListElement":[{"@type":"ListItem","position":1,"name":"Home","item":"https:\/\/epacenter.org\/es\/"},{"@type":"ListItem","position":2,"name":"Qui\u00e9nes somos","item":"https:\/\/epacenter.org\/es\/quienes-somos\/"},{"@type":"ListItem","position":3,"name":"Nuestra historia"}]},{"@type":"WebSite","@id":"https:\/\/epacenter.org\/es\/#website","url":"https:\/\/epacenter.org\/es\/","name":"EPACENTER","description":"Amplifying the Creative Potential in Everyone","potentialAction":[{"@type":"SearchAction","target":{"@type":"EntryPoint","urlTemplate":"https:\/\/epacenter.org\/es\/?s={search_term_string}"},"query-input":{"@type":"PropertyValueSpecification","valueRequired":true,"valueName":"search_term_string"}}],"inLanguage":"es-ES"}]}},"_links":{"self":[{"href":"https:\/\/epacenter.org\/es\/wp-json\/wp\/v2\/pages\/4813","targetHints":{"allow":["GET"]}}],"collection":[{"href":"https:\/\/epacenter.org\/es\/wp-json\/wp\/v2\/pages"}],"about":[{"href":"https:\/\/epacenter.org\/es\/wp-json\/wp\/v2\/types\/page"}],"author":[{"embeddable":true,"href":"https:\/\/epacenter.org\/es\/wp-json\/wp\/v2\/users\/1"}],"replies":[{"embeddable":true,"href":"https:\/\/epacenter.org\/es\/wp-json\/wp\/v2\/comments?post=4813"}],"version-history":[{"count":4,"href":"https:\/\/epacenter.org\/es\/wp-json\/wp\/v2\/pages\/4813\/revisions"}],"predecessor-version":[{"id":5758,"href":"https:\/\/epacenter.org\/es\/wp-json\/wp\/v2\/pages\/4813\/revisions\/5758"}],"up":[{"embeddable":true,"href":"https:\/\/epacenter.org\/es\/wp-json\/wp\/v2\/pages\/4807"}],"wp:attachment":[{"href":"https:\/\/epacenter.org\/es\/wp-json\/wp\/v2\/media?parent=4813"}],"curies":[{"name":"wp","href":"https:\/\/api.w.org\/{rel}","templated":true}]}}